{"id":27,"date":"2014-07-23T09:47:14","date_gmt":"2014-07-23T06:47:14","guid":{"rendered":"http:\/\/www.sakramentit.fi\/wordpress\/?page_id=27"},"modified":"2018-04-19T18:06:48","modified_gmt":"2018-04-19T15:06:48","slug":"taustaa","status":"publish","type":"page","link":"https:\/\/www.sakramentit.fi\/wordpress\/?page_id=27","title":{"rendered":"Kokous 23.7 Lahti"},"content":{"rendered":"<p>&#8221;<em>Mielemme on puhdas, meill\u00e4 on tietoa, k\u00e4rsiv\u00e4llisyytt\u00e4 ja yst\u00e4v\u00e4llisyytt\u00e4, meill\u00e4 on Pyh\u00e4 Henki, vilpit\u00f6n rakkaus, totuuden sana ja Jumalan voima. Aseinamme ovat vanhurskauden miekka ja kilpi<\/em>.&#8221; (2. Kor. 6:6-7)<\/p>\n<p>&nbsp;<\/p>\n<p><strong>Sakramenttiseparatismia vastustavien kokous pidettiin\u00a0Lahdessa\u00a023.7.2016<\/strong>. Kokousv\u00e4ke\u00e4 oli paikalla 750,\u00a0<a href=\"http:\/\/www.sakramentit.fi\/wordpress\/wp-content\/uploads\/2016\/07\/20160723_TiedoteLauantainKokouksesta.pdf\" target=\"_blank\" rel=\"noopener\">kokousv\u00e4ki oli p\u00e4\u00e4linjoissa <\/a>ajatuksiltaan varsin\u00a0yhten\u00e4inen<\/p>\n<p><a href=\"http:\/\/www.sakramentit.fi\/wordpress\/wp-content\/uploads\/2016\/08\/20160723_SipponenEijaMarja.pdf\" target=\"_blank\" rel=\"noopener\">Eija-Marja Sipponen<\/a>, Lahti<\/p>\n<p><a href=\"http:\/\/www.sakramentit.fi\/wordpress\/wp-content\/uploads\/2016\/08\/20160723_IhalainenTapani.pdf\" target=\"_blank\" rel=\"noopener\">Tapani Ihalainen<\/a>, Lahti<\/p>\n<p>&nbsp;<\/p>\n<h2>Yhdistyksen ylim\u00e4\u00e4r\u00e4inen kokous 30.4.2016 Helsinki<\/h2>\n<p>Kotimaa24\u00a0uutisoi\u00a0kokouksesta.\u00a0T\u00e4m\u00e4 sivusto\u00a0on saanut\u00a0Kotimaalta <a href=\"https:\/\/www.kotimaa24.fi\/artikkeli\/esikoislestadiolainen-heratysliike-pelkaa-jakautumista\/?katselukoodi=5b9274c899c614c81686a1ad688242d01f5af1428becca4b6f8dfd66313c0c68\" target=\"_blank\" rel=\"noopener\">uutiseen maksuttoman linkin<\/a>.<\/p>\n<p>Kyselij\u00f6ille tiedoksi: Esikoislestadiolaiset ry:n hallituksen\u00a0kantaa ei voida julkaista t\u00e4\u00e4ll\u00e4, koska siihen ei ole annettu lupaa.<\/p>\n<p>puheenvuorot:<\/p>\n<p>Kokouksen avaus: <a href=\"http:\/\/www.sakramentit.fi\/wordpress\/wp-content\/uploads\/2016\/05\/EljasWaltari_20160430_Hki_KokouksenAvaus.pdf\" target=\"_blank\" rel=\"noopener\">Eljas Waltari<\/a>, Lahti<\/p>\n<p><a href=\"http:\/\/www.sakramentit.fi\/wordpress\/wp-content\/uploads\/2016\/05\/Esikoislestadiolaiset-ry-kokous_MarkettaIhalaisenPuhe20160430.pdf\" target=\"_blank\" rel=\"noopener\">Marketta Ihalainen<\/a>, Lahti<\/p>\n<p><a href=\"http:\/\/www.sakramentit.fi\/wordpress\/wp-content\/uploads\/2016\/05\/Ylim\u00e4\u00e4r\u00e4inen-kokous_Vallinen-Jouni.pdf\" target=\"_blank\" rel=\"noopener\">Jouni Vallinen<\/a>, Lahti<\/p>\n<p><a href=\"http:\/\/www.sakramentit.fi\/wordpress\/wp-content\/uploads\/2016\/05\/Puhe-30.4.2016-Pekka-V\u00e4\u00e4n\u00e4nen.pdf\" target=\"_blank\" rel=\"noopener\">Pekka V\u00e4\u00e4n\u00e4nen<\/a>, Helsinki<\/p>\n<p><a href=\"http:\/\/www.sakramentit.fi\/wordpress\/wp-content\/uploads\/2016\/05\/AleksiHalme_20160430_Hki_Kokous2.pdf\" target=\"_blank\" rel=\"noopener\">Aleksi Halme<\/a>, Lahti<\/p>\n<p><a href=\"http:\/\/www.sakramentit.fi\/wordpress\/wp-content\/uploads\/2016\/05\/AnteroIhalainen_20160430_Hki_Kokous2.pdf\" target=\"_blank\" rel=\"noopener\">Antero Ihalainen<\/a>, Lahti<\/p>\n<p><a href=\"http:\/\/www.sakramentit.fi\/wordpress\/wp-content\/uploads\/2016\/05\/EijaMarjaSipponen_20160430_Hki_Kokous2.pdf\" target=\"_blank\" rel=\"noopener\">Eija-Marja Sipponen<\/a>, Lahti<\/p>\n<p><a href=\"http:\/\/www.sakramentit.fi\/wordpress\/wp-content\/uploads\/2016\/04\/Esikoislestadiolaiset-ry-kokous_TapaniIhalaisenPuhe20160430_Lyhennetty2.pdf\" target=\"_blank\" rel=\"noopener\">Tapani Ihalainen<\/a>, Lahti<\/p>\n<h2>\u00a0_____________________________________<\/h2>\n<h2><\/h2>\n<h2><\/h2>\n<h2><\/h2>\n<h2><\/h2>\n<h2>Miten nimienker\u00e4\u00e4minen k\u00e4ynnistyi?<\/h2>\n<p>Kes\u00e4l\u00e4hetyksen aikana erityisesti i\u00e4kk\u00e4\u00e4mpi sukupolvi huolestui sakramentteihin kohdistuvista muutospaineista. Pohdinnoissa oli, miten tavallinen seurakuntalainen voi vaikuttaa isoon kysymykseen?<\/p>\n<p>T\u00e4m\u00e4 johti siihen, ett\u00e4 vastuuta kantavia henkil\u00f6it\u00e4 eri paikkakunnilta kokoontui H\u00e4meenlinnassa 24.7 pohtimaan syntynytt\u00e4 tilannetta. Koolla oli kristittyj\u00e4 mm. Lappeenrannasta, Helsingist\u00e4, Tampereelta, H\u00e4meenlinnasta, Turusta ja Lahdesta. Kokous totesi, ett\u00e4 nimienker\u00e4\u00e4minen on hiljaisen ja kaikkien seurakuntalaisten tapa saada ilmaistua mielipiteens\u00e4. Kokous p\u00e4\u00e4tti, ett\u00e4 nimienker\u00e4ys on aloitettava mahdollisimman pian jo seuraavalla viikolla.<\/p>\n<p>Kokoontumisessa todettiin, ett\u00e4 nimienker\u00e4yksess\u00e4 t\u00e4ytyy olla joku nimetty henkil\u00f6, joka kantaa vastuuta, ohjeistaa, informoi ja k\u00e4y vuoropuhelua eri osapuolien kanssa. Teht\u00e4v\u00e4 vaatii paljon aikaa ja panostusta. Kokoontumisessa ei l\u00f6ydetty nimienker\u00e4\u00e4miselle t\u00e4llaista henkil\u00f6\u00e4, asia j\u00e4tettiin my\u00f6hemmin selvitett\u00e4v\u00e4ksi.<\/p>\n<p>L\u00e4hetysmiesten asettaman ty\u00f6ryhm\u00e4n aikataulu on tiukka. Tulevissa jouluseuroissa Jellivaarassa ty\u00f6ryhm\u00e4n tulokset esitell\u00e4\u00e4n ja p\u00e4\u00e4t\u00f6s tehd\u00e4\u00e4n loppiaisseuroissa 2015. T\u00e4st\u00e4 syyst\u00e4 nimienker\u00e4yprojekti ei voinut j\u00e4\u00e4d\u00e4 odottelemaan sopivan projektip\u00e4\u00e4llik\u00f6n l\u00f6ytymist\u00e4. Nimienker\u00e4yssivusto avattiin H\u00e4meenlinnan kokouksen toiveita noudatellen hiukan &#8221;my\u00f6h\u00e4ss\u00e4&#8221; 3.8. klo 20:30.<\/p>\n<h2>L\u00e4hetysmiesten asettama ty\u00f6ryhm\u00e4<\/h2>\n<p>Esikoislestadiolaisuudessa on k\u00e4ynnistetty kes\u00e4ll\u00e4 2014 valmisteluty\u00f6<br \/>\npyhien sakramenttien, kasteen ja ehtoollisen ottamiselle omille<br \/>\nrukoushuoneille ja omien saarnaajien toimitettaviksi. T\u00e4m\u00e4 on<br \/>\naiheuttanut seurakunnassamme h\u00e4t\u00e4\u00e4 ja vakavaa huolestumista<br \/>\nvalmisteltavan muutoksen seurauksista ja vaikutuksista nykyisille ja tuleville sukupolville.<\/p>\n<p>Sakramenttiyhteyksien muutoksille on perustettu ty\u00f6ryhm\u00e4. T\u00e4m\u00e4 selvi\u00e4\u00e4 seurakunnalle suunnatusta julkilausumasta, joka on luettu kes\u00e4seuroissamme Helsingiss\u00e4 6.7.2014:<\/p>\n<p><em>\u00a0<span style=\"font-weight: bold;\"><span style=\"color: #400000;\">Suomen l\u00e4hetysmiesten ja vanhimpien yhteisess\u00e4 kokouksessa on p\u00e4\u00e4tetty perustaa ty\u00f6ryhm\u00e4, joka tutkii ja valmistelee alttarin sakramentin toimittamista omilla rukoushuoneillamme, kuten Ruotsissa, Norjassa ja Amerikassa, ja kasteen toimittaisivat omat saarnaajamme. L\u00e4hetysmiehet esittelev\u00e4t tulevana jouluna Jellivaarassa ty\u00f6ryhm\u00e4n esityksen, joka sis\u00e4lt\u00e4\u00e4 kaste- ja ehtoolliskaavat. Ja asiasta keskustellaan loppiaisena 2015 saarnaajien kokouksessa, miss\u00e4 p\u00e4\u00e4tet\u00e4\u00e4n jatkotoimenpiteist\u00e4. Ja t\u00e4h\u00e4n mainittuun ty\u00f6ryhm\u00e4\u00e4n kuuluvat Pekka Liuksiala, Heikki Purtanen, Seppo Karhu, Unto Rantanen, Reino Haimilahti, ja Veli-Matti Koskimaa.<\/span><\/span><\/em><\/p>\n<p><em>Ja, t\u00e4\u00e4ll\u00e4 on Suomen l\u00e4hetysmiesten nimet ja luen ne: Pekka Liuksiala, Eino Ruusula, Seppo Karhu, Arvo Konttinen, Raimo Haimilahti, Tatu Helvil\u00e4, Unto Rantanen, Reino Haimilahti, Pauli Nuutinen, Sakari Siltala, Seppo Parviainen, Timo H\u00e4m\u00e4l\u00e4inen, Veli-Matti Koskimaa, Ilkka Salomaa, Heikki Purtanen, Toivo K\u00e4rki, Tapio Laukkanen, ja Pauli V\u00e4\u00e4n\u00e4nen.<\/em><\/p>\n<p><em>Sitten t\u00e4ss\u00e4 on Lapinmaan vanhinten lausuma. Tuemme edell\u00e4 mainittua p\u00e4\u00e4t\u00f6st\u00e4 t\u00e4ydest\u00e4 syd\u00e4mest\u00e4mme. P\u00e4\u00e4t\u00f6s on Lapinmaan neuvon mukainen. Gunnar Pers\u00e4ter, H\u00e5kan Gustavsson, Lars Larsson ja Odd Minde.<\/em><\/p>\n<p>On\u00a0t\u00e4rke\u00e4\u00e4, ett\u00e4 seurakuntalaiset ja sananpalvelijat\u00a0laajalla rintamalla ilmaisevat kantansa ty\u00f6ryhm\u00e4\u00e4n valituille, sek\u00e4 muille\u00a0l\u00e4hetysmiehille. Ty\u00f6ryhm\u00e4n j\u00e4senilt\u00e4 on hyv\u00e4 kysy\u00e4 esimerkiksi p\u00e4\u00e4t\u00f6ksen seurauksia,\u00a0mit\u00e4 muutos merkitsee minulle,\u00a0lapsilleni ja lastenlapsilleni?<\/p>\n<h4>L\u00e4hetysmiesten ja vanhimpien valitseman ty\u00f6ryhm\u00e4n j\u00e4senten nimet:<\/h4>\n<p>Unto Rantanen<br \/>\nReino Haimilahti<br \/>\nSeppo Karhu<br \/>\nVeli-Matti Koskimaa<br \/>\nHeikki Purtanen<br \/>\nPekka Liuksiala<\/p>\n<p>Muutos koskettaa jokaista. T\u00e4m\u00e4n sivuston kautta\u00a0on mahdollisuus ottaa kantaa vastustaen t\u00e4llaista muutoskehityst\u00e4.<\/p>\n<p>Nimienker\u00e4yksen tulokset ja kannanotto\u00a0toimitetaan edell\u00e4mainitulle ty\u00f6ryhm\u00e4lle ja l\u00e4hetysmiehille. L\u00e4ht\u00f6kohtaisesti nimilistaa ei toimiteta. Jos nimilistan aitoutta ep\u00e4ill\u00e4\u00e4n, voi tulla tilanne, ett\u00e4 nimilista on\u00a0n\u00e4ytett\u00e4v\u00e4 ty\u00f6ryhm\u00e4lle. T\u00e4ll\u00f6in ty\u00f6ryhm\u00e4lt\u00e4 edellytet\u00e4\u00e4n luottamuksellisuutta.<\/p>\n<p>Nimilistasta poistetaan mahdolliset &#8221;tuplat&#8221; ja muut ep\u00e4m\u00e4\u00e4r\u00e4iset.\u00a0Nimilista h\u00e4vitet\u00e4\u00e4n n. vuoden kuluttua ker\u00e4yksest\u00e4.<\/p>\n<p>Kysymyksi\u00e4 voi esitt\u00e4\u00e4 Tapani Ihalaiselle s\u00e4hk\u00f6postitse osoitteeseen tapani.ihalainen (at) phnet.fi ja puhelimitse\u00a0numeroon\u00a0040 720 1719.<\/p>\n<p>&nbsp;<\/p>\n","protected":false},"excerpt":{"rendered":"<p>&#8221;Mielemme on puhdas, meill\u00e4 on tietoa, k\u00e4rsiv\u00e4llisyytt\u00e4 ja yst\u00e4v\u00e4llisyytt\u00e4, meill\u00e4 on Pyh\u00e4 Henki, vilpit\u00f6n rakkaus, totuuden sana ja Jumalan voima. Aseinamme ovat vanhurskauden miekka ja kilpi.&#8221; (2. Kor. 6:6-7) &nbsp; Sakramenttiseparatismia vastustavien kokous pidettiin\u00a0Lahdessa\u00a023.7.2016. Kokousv\u00e4ke\u00e4 oli paikalla 750,\u00a0kokousv\u00e4ki oli p\u00e4\u00e4linjoissa ajatuksiltaan varsin\u00a0yhten\u00e4inen Eija-Marja Sipponen, Lahti Tapani Ihalainen, Lahti &nbsp; Yhdistyksen ylim\u00e4\u00e4r\u00e4inen kokous 30.4.2016 Helsinki Kotimaa24\u00a0uutisoi\u00a0kokouksesta.\u00a0T\u00e4m\u00e4 &hellip; <a href=\"https:\/\/www.sakramentit.fi\/wordpress\/?page_id=27\" class=\"more-link\">Jatka lukemista <span class=\"screen-reader-text\">Kokous 23.7 Lahti<\/span> <span class=\"meta-nav\">&rarr;<\/span><\/a><\/p>\n","protected":false},"author":1,"featured_media":0,"parent":0,"menu_order":0,"comment_status":"closed","ping_status":"closed","template":"","meta":[],"_links":{"self":[{"href":"https:\/\/www.sakramentit.fi\/wordpress\/index.php?rest_route=\/wp\/v2\/pages\/27"}],"collection":[{"href":"https:\/\/www.sakramentit.fi\/wordpress\/index.php?rest_route=\/wp\/v2\/pages"}],"about":[{"href":"https:\/\/www.sakramentit.fi\/wordpress\/index.php?rest_route=\/wp\/v2\/types\/page"}],"author":[{"embeddable":true,"href":"https:\/\/www.sakramentit.fi\/wordpress\/index.php?rest_route=\/wp\/v2\/users\/1"}],"replies":[{"embeddable":true,"href":"https:\/\/www.sakramentit.fi\/wordpress\/index.php?rest_route=%2Fwp%2Fv2%2Fcomments&post=27"}],"version-history":[{"count":40,"href":"https:\/\/www.sakramentit.fi\/wordpress\/index.php?rest_route=\/wp\/v2\/pages\/27\/revisions"}],"predecessor-version":[{"id":923,"href":"https:\/\/www.sakramentit.fi\/wordpress\/index.php?rest_route=\/wp\/v2\/pages\/27\/revisions\/923"}],"wp:attachment":[{"href":"https:\/\/www.sakramentit.fi\/wordpress\/index.php?rest_route=%2Fwp%2Fv2%2Fmedia&parent=27"}],"curies":[{"name":"wp","href":"https:\/\/api.w.org\/{rel}","templated":true}]}}