{"id":345,"date":"2015-11-13T09:23:23","date_gmt":"2015-11-13T07:23:23","guid":{"rendered":"http:\/\/www.sakramentit.fi\/wordpress\/?page_id=345"},"modified":"2017-03-04T09:58:35","modified_gmt":"2017-03-04T07:58:35","slug":"karitsan-aani","status":"publish","type":"page","link":"https:\/\/www.sakramentit.fi\/wordpress\/?page_id=345","title":{"rendered":"Karitsan \u00e4\u00e4ni"},"content":{"rendered":"<p><em>&#8221;Voi paimenia, jotka h\u00e4vitt\u00e4v\u00e4t ja hajottavat minun laitumeni <b>lampaat!&#8221;<\/b> sanoo Herra.<\/em> (Jer.23:1)<\/p>\n<p><img decoding=\"async\" loading=\"lazy\" src=\"http:\/\/www.sakramentit.fi\/wordpress\/wp-content\/uploads\/2015\/12\/LampaatKaritsat.jpg\" alt=\"\" width=\"400\" height=\"224\" \/>Lampaiden ja karitsojen tuntemuksia esikoislestadiolaisen yhteis\u00f6n katkaistessa perinteens\u00e4 ja yhteyden\u00a0evankelisluterilaiseen kirkkoon. Her\u00e4tysliikkeen historiassa olemme aina olleet kirkon her\u00e4tysliike, ilman kirkkoa her\u00e4tysliikett\u00e4 ei olisi olemassa. T\u00e4h\u00e4n kootaan niiden ajatuksia, jotka haluavat ilmaista tuntemuksiaan asiasta. Voit l\u00e4hett\u00e4\u00e4 tuntemuksesi julkaistavaksi:\u00a0<a href=\"mailto:tapani.ihalainen@phnet.fi\">tapani.ihalainen at phnet.fi<\/a><\/p>\n<p><a href=\"http:\/\/www.sakramentit.fi\/wordpress\/wp-content\/uploads\/2017\/03\/Teimme-v\u00e4\u00e4rin-Anteeksi-Jumala.pdf\">Teimme v\u00e4\u00e4rin &#8211; Anteeksi Jumala!<\/a><\/p>\n<p>Henri Sepp\u00e4nen: <a href=\"http:\/\/www.sakramentit.fi\/wordpress\/wp-content\/uploads\/2016\/04\/Galatalaiskirjeest\u00e4Lestadiolaiskirjeeksi.pdf\" target=\"_blank\">Galatalaiskirjeest\u00e4 lestadiolaiskirjeeksi<\/a><\/p>\n<p>Teija Valkama: <a href=\"http:\/\/www.sakramentit.fi\/wordpress\/wp-content\/uploads\/2016\/04\/Jumalan-Sana-yhdist\u00e4\u00e4_TeijaValkama.pdf\" target=\"_blank\">Jumalan Sana yhdist\u00e4\u00e4<\/a><\/p>\n<p>Eeva Lehtola: <a href=\"http:\/\/www.sakramentit.fi\/wordpress\/wp-content\/uploads\/2016\/03\/Tule-mukaan-vaellukselle.pdf\" target=\"_blank\">Tule mukaan vaellukselle!<\/a><\/p>\n<p>Aleksi Halme: <a href=\"http:\/\/www.sakramentit.fi\/wordpress\/wp-content\/uploads\/2015\/12\/AleksiHalmeenTuntojaSakramentitSivustolle20151226.pdf\" target=\"_blank\">mik\u00e4 on Jumalan tarkoitus<\/a>?<\/p>\n<p>Tapani Ihalainen: <a href=\"http:\/\/www.sakramentit.fi\/wordpress\/wp-content\/uploads\/2015\/11\/Miksi-en-voi-osallistua-maallikkojen-asettamaan-ehtoolliseen-rukoushuoneissa.pdf\" target=\"_blank\">Miksi en voi osallistua maallikkojen asettamaan ehtoolliseen rukoushuoneissa<\/a>\u00a0ja <a href=\"http:\/\/www.sakramentit.fi\/wordpress\/wp-content\/uploads\/2015\/12\/20151217_PettymyksenTuntojaIhalainenTapani.pdf\" target=\"_blank\">Pettymyksen tuntoja<\/a><\/p>\n<p>&nbsp;<\/p>\n","protected":false},"excerpt":{"rendered":"<p>&#8221;Voi paimenia, jotka h\u00e4vitt\u00e4v\u00e4t ja hajottavat minun laitumeni lampaat!&#8221; sanoo Herra. (Jer.23:1) Lampaiden ja karitsojen tuntemuksia esikoislestadiolaisen yhteis\u00f6n katkaistessa perinteens\u00e4 ja yhteyden\u00a0evankelisluterilaiseen kirkkoon. Her\u00e4tysliikkeen historiassa olemme aina olleet kirkon her\u00e4tysliike, ilman kirkkoa her\u00e4tysliikett\u00e4 ei olisi olemassa. T\u00e4h\u00e4n kootaan niiden ajatuksia, jotka haluavat ilmaista tuntemuksiaan asiasta. Voit l\u00e4hett\u00e4\u00e4 tuntemuksesi julkaistavaksi:\u00a0tapani.ihalainen at phnet.fi Teimme v\u00e4\u00e4rin &#8211; Anteeksi &hellip; <a href=\"https:\/\/www.sakramentit.fi\/wordpress\/?page_id=345\" class=\"more-link\">Jatka lukemista <span class=\"screen-reader-text\">Karitsan \u00e4\u00e4ni<\/span> <span class=\"meta-nav\">&rarr;<\/span><\/a><\/p>\n","protected":false},"author":1,"featured_media":0,"parent":0,"menu_order":0,"comment_status":"closed","ping_status":"closed","template":"","meta":[],"_links":{"self":[{"href":"https:\/\/www.sakramentit.fi\/wordpress\/index.php?rest_route=\/wp\/v2\/pages\/345"}],"collection":[{"href":"https:\/\/www.sakramentit.fi\/wordpress\/index.php?rest_route=\/wp\/v2\/pages"}],"about":[{"href":"https:\/\/www.sakramentit.fi\/wordpress\/index.php?rest_route=\/wp\/v2\/types\/page"}],"author":[{"embeddable":true,"href":"https:\/\/www.sakramentit.fi\/wordpress\/index.php?rest_route=\/wp\/v2\/users\/1"}],"replies":[{"embeddable":true,"href":"https:\/\/www.sakramentit.fi\/wordpress\/index.php?rest_route=%2Fwp%2Fv2%2Fcomments&post=345"}],"version-history":[{"count":15,"href":"https:\/\/www.sakramentit.fi\/wordpress\/index.php?rest_route=\/wp\/v2\/pages\/345\/revisions"}],"predecessor-version":[{"id":895,"href":"https:\/\/www.sakramentit.fi\/wordpress\/index.php?rest_route=\/wp\/v2\/pages\/345\/revisions\/895"}],"wp:attachment":[{"href":"https:\/\/www.sakramentit.fi\/wordpress\/index.php?rest_route=%2Fwp%2Fv2%2Fmedia&parent=345"}],"curies":[{"name":"wp","href":"https:\/\/api.w.org\/{rel}","templated":true}]}}