{"id":36,"date":"2014-07-28T13:49:29","date_gmt":"2014-07-28T10:49:29","guid":{"rendered":"http:\/\/www.sakramentit.fi\/wordpress\/?page_id=36"},"modified":"2017-01-25T21:23:47","modified_gmt":"2017-01-25T19:23:47","slug":"kuka-voi-allekirjoittaa","status":"publish","type":"page","link":"https:\/\/www.sakramentit.fi\/wordpress\/?page_id=36","title":{"rendered":"Tapahtumat"},"content":{"rendered":"<p>&#8221;<em>Taipukaa Herran vuoksi kaiken maallisen j\u00e4rjestyksen alaisuuteen<\/em>&#8221; (1. Piet. 2:13)<\/p>\n<p>&#8230;&#8230;&#8230;&#8230;&#8230;&#8230;&#8230;&#8230;&#8230;&#8230;&#8230;&#8230;&#8230;&#8230;&#8230;&#8230;&#8230;&#8230;&#8230;&#8230;&#8230;&#8230;&#8230;&#8230;&#8230;&#8230;&#8230;&#8230;&#8230;&#8230;&#8230;&#8230;&#8230;&#8230;&#8230;&#8230;.<\/p>\n<p><strong><em>LAESTADIUS-SEURAN OHJELMA KEV\u00c4\u00c4LL\u00c4 2017<\/em><\/strong><br \/>\nTeemaillat seuraavina <em>torstai-iltoina klo 18\u201320<\/em> Suomen teologisen instituutin tiloissa (Kaisaniemenk. 13 A, 4.krs, Helsinki).<br \/>\n<strong>\u00a0<\/strong><del><strong>19.1.\u00a0\u00a0 <em>Stig-Erik Engvist<\/em>: <\/strong>Ruotsinkielisen Pohjanmaan lestadiolaisuus.\u00a0Historia, nykyp\u00e4iv\u00e4, toiminta<\/del><strong>.<\/strong><br \/>\n<strong>\u00a0<\/strong><strong>23.3.\u00a0\u00a0 <em>Juha-Lassi Tast<\/em>: <\/strong>Leevil\u00e4isyyden synty, kehitys ja nykytila<br \/>\n<strong>\u00a0<\/strong><strong>27.4.\u00a0\u00a0 <em>Jorma Ojala<\/em>: <\/strong>Laestadiuksen 1840\u2013luku<br \/>\nTervetuloa keskustelemaan pohjoisen her\u00e4tysliikkeen historiasta ja nykyp\u00e4iv\u00e4st\u00e4. \u201dUusi\u201d Laestadius-seura on vapaamuotoinen keskustelufoorumi kaikille kiinnostuneille.<\/p>\n<p>&#8230;&#8230;&#8230;&#8230;&#8230;&#8230;&#8230;&#8230;&#8230;&#8230;&#8230;&#8230;&#8230;&#8230;&#8230;&#8230;&#8230;&#8230;&#8230;&#8230;&#8230;&#8230;&#8230;&#8230;&#8230;&#8230;&#8230;&#8230;&#8230;&#8230;&#8230;&#8230;&#8230;&#8230;&#8230;&#8230;.<\/p>\n<p>Reformaation juhlavuoden<a href=\"http:\/\/www.sakramentit.fi\/wordpress\/wp-content\/uploads\/2017\/01\/dogmatiikan_luentosarja_2017.pdf\" target=\"_blank\"> luentosarja Lahdessa Ristinkirkossa kev\u00e4\u00e4ll\u00e4 2017\u00a0 <\/a><\/p>\n<p><del><strong>ke 25.1. klo 18 <\/strong>TT, professori <strong>Miikka Ruokanen, <\/strong>Miten meid\u00e4n tulisi lukea ja ymm\u00e4rt\u00e4\u00e4 Raamattua Martti Lutherin mukaan?<\/del><br \/>\n<strong>ke 15.2. klo 18 <\/strong>TT, piispa <strong>Matti Repo, <\/strong>Lutherista luuranko. Onko luterilainen tunnustus muisto menneest\u00e4 vai tuki tulevaan?<br \/>\n<strong>la 18.3. klo 10-15 <\/strong>TT, professori <strong>Antti Laato, <\/strong>Luther ja messu sek\u00e4 Lutherin Sidottu ratkaisuvalta \u2014 kristikunnan helmi.<br \/>\n<strong>ke 22.3. klo 18 <\/strong>TT, piispa emeritus <strong>Eero Huovinen, <\/strong>Vastakkainasettelusta yhteyteen. Luterilaisen ja katolisen kirkon suhteet<br \/>\n<strong>ke 26.4. klo 18 <\/strong>TT, piispa emeritus <strong>Juha Pihkala, <\/strong>Miten kirkkomme ymm\u00e4rt\u00e4\u00e4 sakramentit ja mit\u00e4 niiss\u00e4 ihmiselle tapahtuu?<br \/>\n<strong>ke 24.5. klo 18 <\/strong>TT <strong>Jaakko Ripatti, <\/strong>Mit\u00e4 reformaatio muutti ja mit\u00e4 se ei muuttanut? TT <strong>Timo Pokki, <\/strong>Tarvitaanko uutta reformaatiota?<\/p>\n<p>&#8230;&#8230;&#8230;&#8230;&#8230;&#8230;&#8230;&#8230;&#8230;&#8230;&#8230;&#8230;&#8230;&#8230;&#8230;&#8230;&#8230;&#8230;&#8230;&#8230;&#8230;&#8230;&#8230;&#8230;&#8230;&#8230;&#8230;&#8230;&#8230;&#8230;&#8230;&#8230;&#8230;&#8230;&#8230;&#8230;.<\/p>\n<p>Vanhat kaivot auki &#8211; raamattuiltoja pidet\u00e4\u00e4n kuukausittain Lahden Dilassa seuraavasti<\/p>\n<h4><a href=\"http:\/\/www.sakramentit.fi\/wordpress\/wp-content\/uploads\/2017\/01\/VanhatKaivotAuki_Raamattuillat_2017k.pdf\" target=\"_blank\">Kev\u00e4\u00e4n 2017 ohjelma<\/a><\/h4>\n<ul>\n<li><del>Kasteen lahja &#8211; ke 11.1. klo 18 &#8211; 19.30 Betel-sali, Sibeliuksenkatu 6B<\/del><\/li>\n<li>Jumalan Sanan kylv\u00f6 &#8211;\u00a0 ke 22.2. klo 18 &#8211; 19.30 Betel-sali, Sibeliuksenkatu 6B<\/li>\n<li>Rukous ja usko &#8211; ke 15.3. klo 18 &#8211; 19.30 Betel-sali, Sibeliuksenkatu 6B<\/li>\n<li>Jeesus tuomitaan &#8211; ke 12.4. klo 18 &#8211; 19.30 Betel-sali, Sibeliuksenkatu 6B<\/li>\n<li>Jumalan kansan koti-ik\u00e4v\u00e4 &#8211;\u00a0 ke 10.5. klo 18 &#8211; 19.30 Betel-sali, Sibeliuksenkatu 6B<\/li>\n<\/ul>\n<p>Iltoihin sis\u00e4ltyy mahdollisuus esirukoukseen. VKA-iltojen pastoritiimin\u00e4 toimii Petri Kortelahti, Jari Laulainen, Markku Niemel\u00e4 ja Petri V\u00e4lim\u00e4ki. Diakonialaitos Lahti &#8211; Vuorikatu 4<\/p>\n<p>&#8230;&#8230;&#8230;&#8230;&#8230;&#8230;&#8230;&#8230;&#8230;&#8230;&#8230;&#8230;&#8230;&#8230;&#8230;&#8230;&#8230;&#8230;&#8230;&#8230;&#8230;&#8230;&#8230;&#8230;&#8230;&#8230;&#8230;&#8230;&#8230;&#8230;&#8230;&#8230;&#8230;&#8230;&#8230;&#8230;.<\/p>\n<h5><strong>Esikoiset Ry seurat ja <a href=\"http:\/\/www.esikoiset.fi\/seurat-ja-muut-tapahtumat\/\" target=\"_blank\">tapahtumat t\u00e4st\u00e4 linkist\u00e4\u00a0\u00a0 <\/a><\/strong><\/h5>\n<p><strong>Lahden alueen seurat ja\u00a0tapahtumat kev\u00e4tkausi 2017:<\/strong><br \/>\nSu\u00a029.1. klo 15 seurat Sovituksen kirkossa Hollolassa<br \/>\nSu 5.2. klo 16 seurat Heinolan pit\u00e4j\u00e4nkirkossa<del><br \/>\n<\/del>Su 12.2. klo 14 seurat Liipolan seurakuntakeskuksessa<br \/>\nSu 19.2. klo 10 Esikoisten kirkkopyh\u00e4 Asikkalan kirkossa<br \/>\nSu 26.2. klo 14 seurat Liipolan seurakuntakeskuksessa<br \/>\nSu 5.3. \u00a0klo 14 seurat Heinolan pit\u00e4j\u00e4nkirkossa<br \/>\nSu 12.3. klo 10 Inkerin kirkkopyh\u00e4 Joutj\u00e4rven kirkossa<br \/>\nSu 19.3. klo 14 seurat Asikkalan kirkossa<br \/>\nSu 26.3. klo 14 seurat Liipolan seurakuntakeskuksessa<br \/>\nSu 2.4.\u00a0klo 14 seurat Heinolan pit\u00e4j\u00e4nkirkossa<br \/>\nSu 9.4. klo 14 seurat Liipolan seurakuntakeskuksessa<br \/>\nTo 13.4. klo 19 Kiirastorstain messu Liipolan seurakuntakeskuksessa<\/p>\n<ul>\n<li>Asikkalan kirkko \u2013 Kirkkotie 42, Asikkala<\/li>\n<li>Ristinkirkko \u2013 Kirkkokatu 4, Lahti<\/li>\n<li>Heinolan pit\u00e4j\u00e4nkirkko \u2013 Kirkkotie 1, Heinola<\/li>\n<li>Liipolan seurakuntakeskus \u2013 Ostoskatu 7, Lahti<\/li>\n<\/ul>\n<p>&#8230;&#8230;&#8230;&#8230;&#8230;&#8230;&#8230;&#8230;&#8230;&#8230;&#8230;&#8230;&#8230;&#8230;&#8230;&#8230;&#8230;&#8230;&#8230;&#8230;&#8230;&#8230;&#8230;&#8230;&#8230;&#8230;&#8230;&#8230;&#8230;&#8230;&#8230;&#8230;&#8230;&#8230;&#8230;&#8230;&#8230;&#8230;&#8230;&#8230;.<\/p>\n<h2>Ahtialan l\u00e4hetyspiiri kev\u00e4t 2017<\/h2>\n<p><strong>Torstaisin <del>12.1<\/del>,\u00a0\u00a0 2.2, \u00a0 23.2,\u00a0 16.3,\u00a0 6.4,\u00a0 <\/strong><br \/>\n<strong>28.4 <\/strong>pe myyj\u00e4iset<strong><br \/>\n<\/strong><\/p>\n<p>&#8230;&#8230;&#8230;&#8230;&#8230;&#8230;&#8230;&#8230;&#8230;&#8230;&#8230;&#8230;&#8230;&#8230;&#8230;&#8230;&#8230;&#8230;&#8230;&#8230;&#8230;&#8230;&#8230;&#8230;&#8230;&#8230;&#8230;&#8230;&#8230;&#8230;&#8230;&#8230;&#8230;&#8230;&#8230;&#8230;&#8230;&#8230;&#8230;..<\/p>\n<h1 class=\"entry-title\">Rippikoulu 2017<\/h1>\n<p>Lahden seurakuntayhtym\u00e4 j\u00e4rjest\u00e4\u00e4 vuonna 2017 rippikoulun yhteisty\u00f6ss\u00e4 Esikoiset Ry:n kanssa. Rippikoulu kokoontuu kev\u00e4\u00e4ll\u00e4 2017 muutaman kerran tai kahtena viikonloppuna ja lis\u00e4ksi leirijaksoon Nastolan Luomaniemeen 13.-17.6.2017. Leiril\u00e4isten konfirmaatio on Nastolan kirkossa 18.6.2017 klo 13. Rippikoulun teema on \u201drippikoulun Martti Lutherin tapaan\u201d, jossa palataan reformaation juurille Lutherin katekismuksen \u00e4\u00e4reen. Esikoiset on kutsuttu suunnittelemaan rippikoulun toteutusta ja osallistumaan leirin opetukseen. Rippikouluun ovat tervetulleita kaikki nuoret my\u00f6s muilta paikkakunnilta. Rippikouluun <strong>ilmoittaudutaan s\u00e4hk\u00f6isesti Lahden seurakuntayhtym\u00e4n kotisivujen kautta ajalla 29.9. \u2013 12.10.2016.<\/strong> T\u00e4h\u00e4n rippikouluun ilmoittaudutaan lomakkeella 2. Lis\u00e4tietoja rippikoulusta antavat Jorma Halme ja Kari Simolin.<\/p>\n<p>&#8230;&#8230;&#8230;&#8230;&#8230;&#8230;&#8230;&#8230;&#8230;&#8230;&#8230;&#8230;&#8230;&#8230;&#8230;&#8230;&#8230;&#8230;&#8230;&#8230;&#8230;&#8230;&#8230;&#8230;&#8230;&#8230;&#8230;&#8230;&#8230;&#8230;&#8230;&#8230;&#8230;&#8230;&#8230;&#8230;.<\/p>\n<p><span class=\"_4n-j fsl\"><strong>Nuoret ja nuoret aikuiset l\u00e4helt\u00e4 ja kaukaa!<\/strong><br \/>\n<del>Tervetuloa viett\u00e4m\u00e4\u00e4n valtakunnallista syysp\u00e4iv\u00e4\u00e4<\/del><strong><del> lauantaina 1.10.2016 seurakunnan<\/del> <del>leirikeskukseen Kinismajalle Asikkalan Salonsaareen<\/del><\/strong>.<br \/>\nOhjelmassa yhdess\u00e4oloa, kahvittelua, grillausta, hengellist\u00e4 ohjelmaa ja keskustelua tulevista tapahtumista. Paikalle voi saapua <strong>klo. 13<\/strong> alkaen. <\/span><\/p>\n<p>&#8230;&#8230;&#8230;&#8230;&#8230;&#8230;&#8230;&#8230;&#8230;&#8230;&#8230;&#8230;&#8230;&#8230;&#8230;&#8230;&#8230;&#8230;&#8230;&#8230;&#8230;&#8230;&#8230;&#8230;&#8230;&#8230;&#8230;&#8230;&#8230;&#8230;&#8230;&#8230;&#8230;&#8230;&#8230;&#8230;.<\/p>\n<p><del><strong>Tervetuloa Upilan leirikeskukseen juhannuslauantaina 25.6.<\/strong> tapaamaan yst\u00e4vi\u00e4 ja viett\u00e4m\u00e4\u00e4n iltaa yhdess\u00e4. <strong>Ohjelma alkaa noin klo 19.<\/strong><\/del><br \/>\nIllanviettomme on vapaata yhdess\u00e4oloa, makkaranpaistoa sek\u00e4 pient\u00e4 purtavaa kahvin kera. Ohjelmassa muutama puheenvuoro sek\u00e4 laulamista yhdess\u00e4 (ota virsikirja mukaan).<br \/>\nUpilaan voi saapua klo 15 alkaen. Huolehdithan p\u00e4iv\u00e4ruokailun omatoimisesti, sill\u00e4 illanvieton makkaranpaisto painottuu iltaan. Illan kulujen kattamiseen voi osallistua maksamalla kahvikassaan.<\/p>\n<p>Yhteyshenkil\u00f6t Marketta 044 3651217 , Marjo 045 1305651<\/p>\n<p>Huom! Tarvitsee pukeutua s\u00e4\u00e4n mukaan, t\u00e4m\u00e4 tilaisuus on ulkona, sis\u00e4tilat ovat aika pienet. Mutta iloista retkimielt\u00e4 v\u00e4h\u00e4n mukaan!<\/p>\n<hr \/>\n<h2>\u00a0<del>Lapin vanhimpien matkaohjelma Suomessa kes\u00e4ll\u00e4 2016<\/del><\/h2>\n<p>Seurapaikat ja -ajat paikkakunnittain ovat:<\/p>\n<p><strong>10.-12.6. \u00a0\u00a0 \u00a0Helsingiss\u00e4<\/strong> rukoushuoneessa, Puistolantie 1, perjantaina, lauantaina ja sunnuntaina klo 12 ja 18.<br \/>\n<strong>13.-15.6. \u00a0\u00a0 \u00a0Tampereella<\/strong> rukoushuoneessa, Kurjentaival 22, maanantaina, tiistaina ja keskiviikkona klo 12 ja 18.<br \/>\n<strong>16.-17.6. \u00a0\u00a0 \u00a0P\u00f6yty\u00e4ll\u00e4<\/strong> Heikinsuon rukoushuoneessa, Uudentalontie 283, torstaina ja perjantaina klo 12 ja 18.<br \/>\n<strong>18.-20.6. \u00a0\u00a0 \u00a0Turussa<\/strong> rukoushuoneessa, Kaitaistentie 5, lauantaina, sunnuntaina ja maanantaina klo 12 ja 18.<br \/>\n<strong>22.-23.6. \u00a0\u00a0 \u00a0Lappeenrannassa<\/strong> rukoushuoneessa, Lepolankatu 30, keskiviikkona ja torstaina klo 12 ja 18.<br \/>\n<strong>24.\u201327.6. \u00a0\u00a0 \u00a0Lahdessa<\/strong> rukoushuoneessa, Tapparakatu 20, juhannusaattona klo 18, juhannusp\u00e4iv\u00e4n\u00e4 jumalanpalvelus ja HPE klo 10 Ristinkirkossa, seurat klo 17, sunnuntaina ja maanantaina klo 12 ja 18.<br \/>\n<strong>29.-30.6. \u00a0\u00a0 \u00a0Mikkeliss\u00e4<\/strong> rukoushuoneessa, Pihlajatie 2, keskiviikkona ja torstaina klo 12 ja 18.<br \/>\n<strong>1.-3.7. \u00a0\u00a0 \u00a0Enossa<\/strong> rukoushuoneessa, Koivumets\u00e4ntie 2, perjantaina klo 18, lauantaina klo 11 ja 17 ja sunnuntaina klo 12 ja 18.<br \/>\n<strong>4.-6.7. \u00a0\u00a0 \u00a0Oulussa<\/strong> maanantaina klo 18, tiistaina klo 12 ja 18 ja keskiviikkona klo 12 (seurapaikka ilmoitetaan my\u00f6hemmin)<\/p>\n<hr \/>\n<p>&nbsp;<\/p>\n<hr \/>\n<p>2016 <a href=\"http:\/\/www.sakramentit.fi\/wordpress\/wp-content\/uploads\/2016\/03\/Seuramatkat2016Kev\u00e4t_LapinLahetusKesa2016.pdf\" target=\"_blank\">talvi ja kev\u00e4tseuralista\u00a0<\/a><\/p>\n<p>Menneit\u00e4 tapahtumia:<br \/>\nTurussa ehtoollismessua vietet\u00e4\u00e4n lauantaina 28.5.2016 klo 18 Mikaelin kirkossa, Puistokatu 16. Saarna Khra Jouni Lehikoinen.<br \/>\n<span class=\"_4n-j fsl\">Jumalanpalveluksen j\u00e4lkeen kirkkokahvit Mikaelin seurakuntakodissa kirkkoa vastap\u00e4\u00e4t\u00e4. Kahvin j\u00e4lkeen iltahartaus ja virsi\u00e4 kirkossa. Kirkossa on vihkimistilaisuus klo 17, kirkkoon voi menn\u00e4 vasta vihkimistilaisuuden j\u00e4lkeen.<\/span><\/p>\n<p>Yhdistyksen kokous\u00a0Helsingin rukoushuoneella\u00a0la 30.4\u00a0klo 12<\/p>\n<p><span class=\"monospace\">Tampereen yst\u00e4v\u00e4t yhdess\u00e4 Pirkkalan ev.lut. seurakunnan kanssa<br \/>\nj\u00e4rjest\u00e4v\u00e4t yhteyden<a href=\"http:\/\/www.sakramentit.fi\/wordpress\/wp-content\/uploads\/2016\/04\/Messu-23-4-2016.pdf\" target=\"_blank\"> messun ja iltatilaisuuden <strong>Pirkkalan kirkossa<\/strong> <\/a><br \/>\n<a href=\"http:\/\/www.sakramentit.fi\/wordpress\/wp-content\/uploads\/2016\/04\/Messu-23-4-2016.pdf\" target=\"_blank\">(Perki\u00f6ntie 40, Pirkkala) 23.4.2016 kello 17.00<\/a>. Messun teema on &#8221;yhteys on Jumalan lahja&#8221;. Messun j\u00e4lkeen kirkkokahvit, yhdess\u00e4oloa, lauluja ja loppuhartaus<br \/>\n<\/span><\/p>\n<p>Ehtoollisjumalanpalvelus ja iltahetki Helsingiss\u00e4 Malmin kirkossa lauantaina 19.3.2016 klo 17, Kunnantie 1, 00700 Helsinki. <span class=\"monospace\">Jumalanpalveluksen toimittaa Pihlajam\u00e4en kirkon kappalainen<\/span><strong><span class=\"monospace\"> Jukka Holopainen<\/span><\/strong><br \/>\nEhtoollisjumalanpalvelus Teuvan kirkossa 2. p\u00e4\u00e4si\u00e4isp\u00e4iv\u00e4n\u00e4 28.3.2016 klo 10. Jumalanpalveluksessa saarnaa <strong>Heikki Purtanen <\/strong>ja liturgian ja ehtoollisen toimittaa vs. kappalainen Sami Koponen.<br \/>\n<span style=\"color: #000000; font-family: Calibri;\">Jumalanpalveluksen j\u00e4lkeen ruokaillaan ja vietet\u00e4\u00e4n yhdess\u00e4olohetke\u00e4 seurakuntasalissa. <\/span><span style=\"color: #000000; font-family: Calibri;\"> Kaikki ovat syd\u00e4mellisesti tervetulleita l\u00e4helt\u00e4 ja kaukaa.<\/span>.<br \/>\n<span class=\"monospace\">Ehtoollisjumalanpalvelus ja iltahetki Tampereen seudulla vietet\u00e4\u00e4n lauantaina 23.4.2016 klo 17 Pirkkalan kirkossa (Perki\u00f6ntie 40, Pirkkala).<br \/>\nJumalanpalveluksen toimittaa Pirkkalan vs. kirkkoherra <strong>Jukka Jormanainen<\/strong>.<br \/>\n<\/span><\/p>\n<p>Sakramenttiasiasta <strong>info- ja keskustelutilaisuus 4.3.2016 klo 18.30 Turussa<\/strong>, Henrikin kirkon ruususalissa, Peltolantie 2, 201720 Turku. Tilaisuus on Heikinsuon ja Turun yhteinen.<\/p>\n<p><strong>Ehtoollisjumalanpalvelus ja iltahetki Joutj\u00e4rven kirkossa lauantaina 20.2.2016<\/strong><br \/>\n<strong>klo 17<\/strong><br \/>\nEhtoollisjumalanpalvelus j\u00e4rjestet\u00e4\u00e4n seurakuntalaisten pyynn\u00f6st\u00e4 ja tarpeesta ja evankelisluterilaisen seurakunnan toimesta. Tilaisuuden keski\u00f6ss\u00e4 on ehtoollisen sakramentti, Jumalan sana ja kristittyjen v\u00e4linen yhteys. Tilaisuuden liturgian ja saarnat toimittavat kirkkoherra <strong>Hannes Wallin<\/strong> ja rovasti <strong>Heikki Pelkonen<\/strong>.<br \/>\nJumalanpalveluksen j\u00e4lkeen tarjotaan kirkkokahvit ja vietet\u00e4\u00e4n iltahetki seurakuntasalissa. Yhteyshenkil\u00f6t ja lis\u00e4tietoja t\u00e4st\u00e4 tapahtumasta antavat Kari Simolin ja Tapani Ihalainen.<br \/>\nSyd\u00e4mellisesti tervetuloa kaikki l\u00e4helt\u00e4 ja kaukaa!<br \/>\nhttps:\/\/www.facebook.com\/events\/725752354228055\/<\/p>\n<p>Vastaavanlainen ehtoollisjumalanpalvelus j\u00e4rjestet\u00e4\u00e4n my\u00f6s <strong>Helsingiss\u00e4 19.3\u00a0klo 17:00\u201321:00 Malmin kirkossa, Kunnantie 1, 00700 Helsinki. <\/strong><span class=\"monospace\">Jumalanpalveluksen toimittaa Pihlajam\u00e4en kirkon kappalainen <strong>Jukka Holopainen<\/strong><\/span><\/p>\n<h2><\/h2>\n<p>Mikkeliss\u00e4 on seurojen j\u00e4lkeen kuulutettu <strong>ehtoollistilaisuudesta rukoushuoneella 5.12.2015 klo 17. Ehtoollisen jakavat sananpalvelijat ilman yhteytt\u00e4 Suomen ev.lut kirkkoon.<br \/>\n<\/strong><\/p>\n<p>&nbsp;<\/p>\n<p><strong>Luterilaisen opin perusta<\/strong><br \/>\nMik\u00e4 on Tunnustuskirjojen kautta Luterilaisen opin perusta? <a href=\"http:\/\/www.sakramentit.fi\/wordpress\/wp-content\/uploads\/2015\/09\/Tunnustuskirjat_ohjelma_2015_s_2.pdf\" target=\"_blank\">Luentosarja 1.10.2015<\/a> alkaen Helsingiss\u00e4 Puistolan kirkossa.<\/p>\n<p>&nbsp;<\/p>\n<p><strong>Helsingiss\u00e4 info- ja keskustelutilaisuus sakramenttiasiasta 22.11 klo 15<\/strong><br \/>\nPuistolan kirkolla Tenavatie 4, 00760 Helsinki (10 minuutin k\u00e4velymatka Helsingin rukoushuoneelta). Auton navigaattoriin kannattaa laittaa osoitteeksi: Puistolan raitti 16.<\/p>\n<p>Tilaisuus alkaa klo 15:00 ja p\u00e4\u00e4ttyy klo 20:00.<\/p>\n<p>Tilaisuuden p\u00e4\u00e4tavoitteena on antaa perustiedot sakramenttiasiasta sellaisillekin seurakuntalaisille, jotka eiv\u00e4t aktiivisesti seuraa nettikeskusteluja.<\/p>\n<p>&nbsp;<\/p>\n<p><strong>Virsilauluilta pe 31.10 klo 19 Joutj\u00e4rven kirkossa<\/strong><br \/>\nJuonto &amp; puhe kirkkoherra Hannes Wallin<br \/>\nS\u00e4estys Jaakko Ansaharju<br \/>\nKahvitarjoilu<br \/>\nTilaisuuden j\u00e4rjest\u00e4\u00e4 Ahtialan l\u00e4hetyspiiri<\/p>\n<p>&nbsp;<\/p>\n<p><strong>Informaatio ja keskustelutilaisuus her\u00e4tysliikkeemme tilanteesta<br \/>\n<\/strong>Aika <strong>lauantai 23.8.2014 klo 16 &#8211; 20:30<br \/>\n<\/strong>Paikka <strong>Ahtialan seurakuntakeskus<\/strong>, Alasenkatu 4, 15300 Lahti<br \/>\nklo 16 Esikoislestadiolaisuuden identiteetti<br \/>\n&#8211; mist\u00e4 l\u00e4hdettiin ja miss\u00e4 ollaan nyt?<br \/>\n&#8211; miten nykytilanteeseen on reagoitu?<br \/>\nklo 17 Sakramentit yhteis\u00f6ss\u00e4mme omaan k\u00e4ytt\u00f6\u00f6n<br \/>\n&#8211; miten t\u00e4m\u00e4 koskettaa minua?<br \/>\n&#8211; <a href=\"http:\/\/www.sakramentit.fi\/\">www.sakramentit.fi<\/a> sivuston esittely<br \/>\n&#8211; kysymyksi\u00e4, keskustelua, ideointia<br \/>\nn. klo 18:30 kahvi<br \/>\nn. klo 20:30 tilaisuuden p\u00e4\u00e4t\u00f6s<br \/>\nOn toivottavaa tarjoilun takia, ett\u00e4 Lahden alueen ulkopuolelta tulevat ilmoittaisivat arviota, paljonko on tulossa.<\/p>\n<p>Tilaisuuden j\u00e4rjest\u00e4j\u00e4n\u00e4 esikoislestadiolaisen her\u00e4tysliikkeen<br \/>\nsakramenttiseparatismist\u00e4 huolestuneet seurakuntalaiset.<\/p>\n<p>J\u00e4rjest\u00e4vien tahojen puolesta:<br \/>\nTapani Ihalainen<br \/>\nPationpolku 7, 15820 Lahti<br \/>\np. 040 720 1719<br \/>\ntapani.ihalainen (at) phnet.fi<script>\/\/ <![CDATA[ (function(i,s,o,g,r,a,m){i['GoogleAnalyticsObject']=r;i[r]=i[r]||function(){ (i[r].q=i[r].q||[]).push(arguments)},i[r].l=1*new Date();a=s.createElement(o), m=s.getElementsByTagName(o)[0];a.async=1;a.src=g;m.parentNode.insertBefore(a,m) })(window,document,'script','\/\/www.google-analytics.com\/analytics.js','ga'); ga(\u2018set\u2019, \u2018&#038;uid\u2019, {{93889024}}); ga('create', 'UA-56656830-1', 'auto'); ga('send', 'pageview'); \/\/ ]]><\/script><\/p>\n","protected":false},"excerpt":{"rendered":"<p>&#8221;Taipukaa Herran vuoksi kaiken maallisen j\u00e4rjestyksen alaisuuteen&#8221; (1. Piet. 2:13) &#8230;&#8230;&#8230;&#8230;&#8230;&#8230;&#8230;&#8230;&#8230;&#8230;&#8230;&#8230;&#8230;&#8230;&#8230;&#8230;&#8230;&#8230;&#8230;&#8230;&#8230;&#8230;&#8230;&#8230;&#8230;&#8230;&#8230;&#8230;&#8230;&#8230;&#8230;&#8230;&#8230;&#8230;&#8230;&#8230;. LAESTADIUS-SEURAN OHJELMA KEV\u00c4\u00c4LL\u00c4 2017 Teemaillat seuraavina torstai-iltoina klo 18\u201320 Suomen teologisen instituutin tiloissa (Kaisaniemenk. 13 A, 4.krs, Helsinki). \u00a019.1.\u00a0\u00a0 Stig-Erik Engvist: Ruotsinkielisen Pohjanmaan lestadiolaisuus.\u00a0Historia, nykyp\u00e4iv\u00e4, toiminta. \u00a023.3.\u00a0\u00a0 Juha-Lassi Tast: Leevil\u00e4isyyden synty, kehitys ja nykytila \u00a027.4.\u00a0\u00a0 Jorma Ojala: Laestadiuksen 1840\u2013luku Tervetuloa keskustelemaan pohjoisen her\u00e4tysliikkeen historiasta &hellip; <a href=\"https:\/\/www.sakramentit.fi\/wordpress\/?page_id=36\" class=\"more-link\">Jatka lukemista <span class=\"screen-reader-text\">Tapahtumat<\/span> <span class=\"meta-nav\">&rarr;<\/span><\/a><\/p>\n","protected":false},"author":1,"featured_media":0,"parent":0,"menu_order":0,"comment_status":"closed","ping_status":"closed","template":"","meta":[],"_links":{"self":[{"href":"https:\/\/www.sakramentit.fi\/wordpress\/index.php?rest_route=\/wp\/v2\/pages\/36"}],"collection":[{"href":"https:\/\/www.sakramentit.fi\/wordpress\/index.php?rest_route=\/wp\/v2\/pages"}],"about":[{"href":"https:\/\/www.sakramentit.fi\/wordpress\/index.php?rest_route=\/wp\/v2\/types\/page"}],"author":[{"embeddable":true,"href":"https:\/\/www.sakramentit.fi\/wordpress\/index.php?rest_route=\/wp\/v2\/users\/1"}],"replies":[{"embeddable":true,"href":"https:\/\/www.sakramentit.fi\/wordpress\/index.php?rest_route=%2Fwp%2Fv2%2Fcomments&post=36"}],"version-history":[{"count":64,"href":"https:\/\/www.sakramentit.fi\/wordpress\/index.php?rest_route=\/wp\/v2\/pages\/36\/revisions"}],"predecessor-version":[{"id":892,"href":"https:\/\/www.sakramentit.fi\/wordpress\/index.php?rest_route=\/wp\/v2\/pages\/36\/revisions\/892"}],"wp:attachment":[{"href":"https:\/\/www.sakramentit.fi\/wordpress\/index.php?rest_route=%2Fwp%2Fv2%2Fmedia&parent=36"}],"curies":[{"name":"wp","href":"https:\/\/api.w.org\/{rel}","templated":true}]}}