{"id":40,"date":"2014-07-28T14:04:02","date_gmt":"2014-07-28T11:04:02","guid":{"rendered":"http:\/\/www.sakramentit.fi\/wordpress\/?page_id=40"},"modified":"2018-04-19T18:08:33","modified_gmt":"2018-04-19T15:08:33","slug":"ohjeita","status":"publish","type":"page","link":"https:\/\/www.sakramentit.fi\/wordpress\/?page_id=40","title":{"rendered":"Ohjeita"},"content":{"rendered":"<p>&#8221;<em>Mooseksen istuin on nyt lainopettajien ja fariseusten hallussa<\/em>.&#8221; (Matt. 23:1)<\/p>\n<p><a href=\"http:\/\/www.sakramentit.fi\/wordpress\/wp-content\/uploads\/2016\/03\/Esikoislestadiolaisten-ehtoollis-ja-kastekaavat-2016.pdf\" target=\"_blank\" rel=\"noopener\">Esikoislestadiolaisten kaste- ja ehtoolliskaavat 2016<\/a><\/p>\n<p>&nbsp;<\/p>\n<p>Lahdessa 15.11.2015 seurojen j\u00e4lkeen kuulutettiin, ett\u00e4 <strong>j\u00e4senkirjuri<\/strong> on paikalla su 22.11.2015 vastaanottamassa j\u00e4senyystarkistuksia. Samalla voi ilmoittautua j\u00e4seneksi.<\/p>\n<p>Jos haluat <strong>\u00e4\u00e4nest\u00e4\u00e4 vuoden 2016 vuosikokouksessa, on j\u00e4senmaksu hoidettava edelt\u00e4v\u00e4n\u00e4 vuonna.<\/strong> (T\u00e4m\u00e4 on ainakin Lahden paikallisosaston s\u00e4\u00e4nt\u00f6ihin kirjattuna tuoreina s\u00e4\u00e4nt\u00f6muutoksina, tiett\u00e4v\u00e4sti yhdistyksen s\u00e4\u00e4nn\u00f6iss\u00e4 t\u00e4t\u00e4 vaatimusta ei ole?) J\u00e4senyyslomakkeen t\u00e4ytt\u00e4ville j\u00e4senmaksulomake tulee YAP:lta vuodenvaihteen j\u00e4lkeen, joka on t\u00e4t\u00e4 2016 vuosikokouksen \u00e4\u00e4nestysoikeutta ajatellen liian my\u00f6h\u00e4\u00e4n. Lahden paikallisosastoon j\u00e4seneksi haluavat voivat hoitaa j\u00e4senyyden kuntoon:\u00a0 <strong>Nordea FI17 1519 3006 1011 62<\/strong><br \/>\nsaaja: <strong>Esikoislestadiolaiset ry Lahden paikallisosasto<\/strong><br \/>\nviestikentt\u00e4\u00e4n teksti:<strong> j\u00e4senmaksu vuodelta 2015 + nimi<\/strong><br \/>\nsumma: <strong>20 e<\/strong>\u00a0\u00a0\u00a0\u00a0\u00a0\u00a0 (maksusuoritus kannattaa tulostaa ja ottaa mukaan vuoden 2016 vuosikokoukseen)<\/p>\n<p>S\u00e4\u00e4nt\u00f6jen mukaan paikallistoimikunta voi hyv\u00e4ksy\u00e4 Esikoislestadiolaiset ry:n j\u00e4seneksi toimialueellaan asuvan, kristityksi tunnetun henkil\u00f6n. <a href=\"http:\/\/www.sakramentit.fi\/wordpress\/wp-content\/uploads\/2015\/12\/JasentietojenTaydennyslomake.docx\">T\u00e4t\u00e4 lomaketta voi k\u00e4ytt\u00e4\u00e4 my\u00f6s uuden j\u00e4senyyden hakulomakkeena<\/a> ja vanhan j\u00e4senen henkil\u00f6tietojen p\u00e4ivitt\u00e4miseen.<\/p>\n<p>&#8212;&#8212;&#8212;&#8212;&#8212;&#8212;&#8212;&#8212;&#8212;&#8212;&#8212;&#8212;&#8212;&#8212;&#8212;&#8212;&#8212;&#8212;&#8212;&#8212;&#8212;&#8212;&#8212;&#8212;&#8212;&#8212;&#8212;&#8212;&#8212;&#8212;&#8211;<\/p>\n<p>&nbsp;<\/p>\n<p>Allekirjoituksia ei ker\u00e4t\u00e4 en\u00e4\u00e4.<\/p>\n<p>Allekirjoitusta odotetaan esikoislestadiolaisilta, mutta my\u00f6s esikoislestadiolaisuudessa mukana olleilta. Yhteisesti on sovittu, ett\u00e4 kantaa voi ottaa rippikoulun k\u00e4yneet. He ovat saaneet sakramenttiopetusta ja ovat oikeutettuja itsen\u00e4isesti nauttimaan ehtoollisen sakramentin<\/p>\n<p>Mik\u00e4li allekirjoittajalla ei ole s\u00e4hk\u00f6postiosoitetta, voit k\u00e4ytt\u00e4\u00e4 keksitty\u00e4\u00a0osoitetta\u00a0<a href=\"mailto:matkalla@kotiin.fi\">matkalla@kotiin.fi<\/a><\/p>\n<p>Linkiss\u00e4 alla\u00a0on tarjolla\u00a0tulostettavassa muodossa oleva\u00a0ker\u00e4yslista. T\u00e4ll\u00f6in nimi\u00e4 voi ker\u00e4t\u00e4 my\u00f6s paperille ja ker\u00e4\u00e4j\u00e4 voi\u00a0lis\u00e4t\u00e4 paperille ker\u00e4\u00e4m\u00e4ns\u00e4 nimet\u00a0t\u00e4nne sivustolle. Sivustolle voi antaa nimens\u00e4 my\u00f6s puhelimitse. T\u00e4ll\u00f6in voit soittaa numeroon 040 720 1719. (Tapani Ihalainen)<\/p>\n<p>Tulostettavassa muodossa oleva PDF-lomake: <a href=\"http:\/\/www.sakramentit.fi\/wordpress\/wp-content\/uploads\/2014\/08\/Nimienker\u00e4ys-adressi.pdf\">Nimienker\u00e4ys adressi<\/a><\/p>\n<h2>Adressin nimienkeruuohjeet<\/h2>\n<h3>Hyv\u00e4 nimienker\u00e4\u00e4j\u00e4,<\/h3>\n<p>Olemme liikkeell\u00e4 vakaalla mielell\u00e4 ja sellaisella rukouksella, ett\u00e4 toiminta olisi siunaukseksi Herran seurakunnalle.<\/p>\n<p>N\u00e4iden ker\u00e4ysohjeiden t\u00e4rke\u00e4n\u00e4 tarkoituksena on varmistaa, ett\u00e4 adressissa on j\u00e4lkeenp\u00e4in mahdollisimman v\u00e4h\u00e4n moitittavaa, ja ett\u00e4 nimi\u00e4 ker\u00e4t\u00e4\u00e4n kaikkialla samojen periaatteiden mukaisesti.<\/p>\n<h3><strong>Ohjeet<\/strong><\/h3>\n<p>Kultakin allekirjoittajalta kirjataan seuraavat tiedot: <strong>paikkakunta, p\u00e4iv\u00e4m\u00e4\u00e4r\u00e4, allekirjoitus ja nimen selvennys<\/strong>, niin kuin n\u00e4m\u00e4 on nimienkeruulomakkeessa osoitettu.<\/p>\n<ul>\n<li>Allekirjoitukset tehd\u00e4\u00e4n mustekyn\u00e4ll\u00e4.<\/li>\n<li>Nimien ker\u00e4ys tulee tehd\u00e4 siten organisoidusti, ett\u00e4 voidaan olla varmoja allekirjoitusten aitoudesta.<\/li>\n<li>Ket\u00e4\u00e4n ei tule painostaa allekirjoittamaan.<\/li>\n<li>Tosiasioita voi ja tuleekin tuoda esiin allekirjoittajan motivoimiseksi.<\/li>\n<li>P\u00e4\u00e4t\u00f6s allekirjoittamisesta tulee kuitenkin j\u00e4tt\u00e4\u00e4 allekirjoittajalle itselleen.<\/li>\n<li>Nimi\u00e4 ker\u00e4t\u00e4\u00e4n vain konfirmoiduilta seurakunnan j\u00e4senilt\u00e4, ei siis nuoremmilta lapsilta. Erityisesti nuorimpien allekirjoittajien suhteen on syyt\u00e4 olla hienotunteinen, etteiv\u00e4t he vahingossa allekirjoita sellaista, mit\u00e4 he katuvat j\u00e4lkeenp\u00e4in.<\/li>\n<li>Nimi\u00e4 ker\u00e4t\u00e4\u00e4n henkil\u00f6ilt\u00e4, jotka tunnustautuvat olevansa tai olleensa\u00a0jollain tavalla esikoislestadiolainen.<\/li>\n<li>Nimien keruun painopisteen tulisi olla aktiiviseurakuntalaisissa.<\/li>\n<li>Nimi\u00e4 ei ker\u00e4t\u00e4 saarnaajilta, heid\u00e4n muut perheenj\u00e4senens\u00e4 sen sijaan voivat halutessaan allekirjoittaa adressin.<\/li>\n<li>Nimi\u00e4 ei tulisi ker\u00e4t\u00e4 rukoushuoneilla, tai sen tulisi tapahtua hienotunteisesti.<\/li>\n<li>\u201dTupaillat\u201d, joissa ihmiset piipahtaisivat, voisivat toimia er\u00e4in\u00e4 ker\u00e4yskanavina. Kutsuttavia kannattaa pyyt\u00e4\u00e4 kutsumaan l\u00e4hipiirist\u00e4\u00e4n mukaan muita allekirjoittajia (verkostoituminen)<\/li>\n<li>Voi tulla eteen poikkeustapauksia, joissa henkil\u00f6lt\u00e4 on mahdotonta (esimerkiksi et\u00e4isyyksien vuoksi) saada allekirjoitusta, mutta h\u00e4n haluaisi allekirjoittaa adressin. N\u00e4iss\u00e4 tilanteissa ker\u00e4\u00e4j\u00e4 lukee adressitekstin mainitulle henkil\u00f6lle ja laittaa henkil\u00f6n nimen lis\u00e4ksi oman nimens\u00e4.<\/li>\n<li>Ker\u00e4yksen yhteydess\u00e4 tulee varmaankin tapauksia, jossa henkil\u00f6 sanoo olevansa jokseenkin samaa mielt\u00e4 adressin ajatusten kanssa, mutta ei halua allekirjoittaa adressia.<\/li>\n<li>Paperilistalle ker\u00e4\u00e4j\u00e4n toivotaan viev\u00e4n\u00a0nimet paperilta kannanoton allekirjoitus sivulle.<\/li>\n<li><strong>Nimilistat palautetaan paikkakuntien yhdyshenkil\u00f6ille, jotka toimittavat ne kootusti seuraavaan osoitteeseen: Tapani Ihalainen, Pationpolku 7, 15820 Lahti. H\u00e4nelt\u00e4 saa my\u00f6s tarvittaessa lis\u00e4tietoja, p. 040 720 1719.<\/strong><\/li>\n<\/ul>\n<p><strong>\u00a0<\/strong><\/p>\n<p>Halutessasi viestitt\u00e4\u00e4 ker\u00e4yksest\u00e4 esimerkiksi s\u00e4hk\u00f6postin v\u00e4lityksell\u00e4, voit k\u00e4ytt\u00e4\u00e4 t\u00e4t\u00e4 teksti\u00e4 saatteena:<\/p>\n<p><strong>Nimilistaker\u00e4ys sakramenttimuutosta vastaan <\/strong><\/p>\n<p>Veljet ja sisaret!<br \/>\nEsikoislestadiolaisessa yhteis\u00f6ss\u00e4 ollaan sen historian isoimman hengellisen p\u00e4\u00e4t\u00f6ksen edess\u00e4. Kotimaa-lehden 31.7.2014 mukaan esikoislestadiolaiset pohtivat sakramenttien ottamista omiin k\u00e4siin. T\u00e4t\u00e4 varten on perustettu ty\u00f6ryhm\u00e4.<br \/>\nTampereen piispa Matti Repo toteaa kirkkoj\u00e4rjestyksen ilmaisevan ehtoollisen jakajaksi ja kasteen suorittajaksi papin. Repo sanoo sakramenttien omiin k\u00e4siin ottamisen omalla teologisella painolla johtavan erottautumiseen omaksi yhteis\u00f6kseen, vaikka liike itse katsoisi pysyv\u00e4ns\u00e4 kirkossa. <strong>Omat sakramentit voivat johtaa kaikkien suhteiden katkeamiseen kirkkoon, Repo toteaa.<br \/>\n<\/strong>P\u00e4\u00e4t\u00f6ksest\u00e4 huolestuneet seurakuntalaiset ovat halunneet tarjota laajemmalle joukolle vaikuttamismahdollisuuden. Nimilistaker\u00e4ys tarjoaa hiljaisemman mahdollisuuden vaikuttaa.<br \/>\nEnsisijaisesti nimi\u00e4 ker\u00e4t\u00e4\u00e4n nettisivulle, mutta nettisivulla on paperilomakkeen tulostusmahdollisuus.<br \/>\n<strong>Lis\u00e4tietoa ja allekirjoitussivusto l\u00f6ytyy osoitteesta:<br \/>\n<a href=\"http:\/\/www.sakramentit.fi\/\">http:\/\/www.sakramentit.fi\/<br \/>\n<\/a><\/strong>Sivusto kysyy salasanaa, joka on: <strong>Matkalla<\/strong><br \/>\nSalasanaa on tarkoitus levitt\u00e4\u00e4 vain &#8221;omassa keskuudessa&#8221;. On toivottavaa, ett\u00e4 kerrotte t\u00e4st\u00e4 mahdollisuudesta eteenp\u00e4in yst\u00e4ville.<\/p>\n","protected":false},"excerpt":{"rendered":"<p>&#8221;Mooseksen istuin on nyt lainopettajien ja fariseusten hallussa.&#8221; (Matt. 23:1) Esikoislestadiolaisten kaste- ja ehtoolliskaavat 2016 &nbsp; Lahdessa 15.11.2015 seurojen j\u00e4lkeen kuulutettiin, ett\u00e4 j\u00e4senkirjuri on paikalla su 22.11.2015 vastaanottamassa j\u00e4senyystarkistuksia. Samalla voi ilmoittautua j\u00e4seneksi. Jos haluat \u00e4\u00e4nest\u00e4\u00e4 vuoden 2016 vuosikokouksessa, on j\u00e4senmaksu hoidettava edelt\u00e4v\u00e4n\u00e4 vuonna. (T\u00e4m\u00e4 on ainakin Lahden paikallisosaston s\u00e4\u00e4nt\u00f6ihin kirjattuna tuoreina s\u00e4\u00e4nt\u00f6muutoksina, tiett\u00e4v\u00e4sti yhdistyksen &hellip; <a href=\"https:\/\/www.sakramentit.fi\/wordpress\/?page_id=40\" class=\"more-link\">Jatka lukemista <span class=\"screen-reader-text\">Ohjeita<\/span> <span class=\"meta-nav\">&rarr;<\/span><\/a><\/p>\n","protected":false},"author":1,"featured_media":0,"parent":0,"menu_order":0,"comment_status":"closed","ping_status":"closed","template":"","meta":[],"_links":{"self":[{"href":"https:\/\/www.sakramentit.fi\/wordpress\/index.php?rest_route=\/wp\/v2\/pages\/40"}],"collection":[{"href":"https:\/\/www.sakramentit.fi\/wordpress\/index.php?rest_route=\/wp\/v2\/pages"}],"about":[{"href":"https:\/\/www.sakramentit.fi\/wordpress\/index.php?rest_route=\/wp\/v2\/types\/page"}],"author":[{"embeddable":true,"href":"https:\/\/www.sakramentit.fi\/wordpress\/index.php?rest_route=\/wp\/v2\/users\/1"}],"replies":[{"embeddable":true,"href":"https:\/\/www.sakramentit.fi\/wordpress\/index.php?rest_route=%2Fwp%2Fv2%2Fcomments&post=40"}],"version-history":[{"count":23,"href":"https:\/\/www.sakramentit.fi\/wordpress\/index.php?rest_route=\/wp\/v2\/pages\/40\/revisions"}],"predecessor-version":[{"id":924,"href":"https:\/\/www.sakramentit.fi\/wordpress\/index.php?rest_route=\/wp\/v2\/pages\/40\/revisions\/924"}],"wp:attachment":[{"href":"https:\/\/www.sakramentit.fi\/wordpress\/index.php?rest_route=%2Fwp%2Fv2%2Fmedia&parent=40"}],"curies":[{"name":"wp","href":"https:\/\/api.w.org\/{rel}","templated":true}]}}