{"id":416,"date":"2015-12-09T07:36:03","date_gmt":"2015-12-09T05:36:03","guid":{"rendered":"http:\/\/www.sakramentit.fi\/wordpress\/?page_id=416"},"modified":"2016-04-01T13:19:09","modified_gmt":"2016-04-01T10:19:09","slug":"historiaa","status":"publish","type":"page","link":"https:\/\/www.sakramentit.fi\/wordpress\/?page_id=416","title":{"rendered":"Historiaa"},"content":{"rendered":"<p>&#8221;<em>Jokaisen on suostuttava esivaltansa alaisuuteen. Eih\u00e4n ole esivaltaa, joka ei olisi Jumalalta per\u00e4isin, h\u00e4nelt\u00e4 ovat vallank\u00e4ytt\u00e4j\u00e4t saaneet valtuutensa. Joka vastustaa esivaltaa, nousee siis Jumalan s\u00e4\u00e4d\u00f6st\u00e4 vastaan, ja ne, jotka n\u00e4in tekev\u00e4t, saavat rangaistuksensa.<\/em>&#8221; (Room 13:1-2)<\/p>\n<p>Esikoislestadiolaisuudessa on ymm\u00e4rretty <strong><a href=\"http:\/\/www.sakramentit.fi\/wordpress\/wp-content\/uploads\/2015\/12\/Joonas-Purnu.pdf\" target=\"_blank\">Joonas Purnun<\/a><\/strong> jatkaneen <strong>Juhani Raattamaan<\/strong> perint\u00f6\u00e4. Muut lestadiolaisryhmittym\u00e4t eiv\u00e4t suoraan ole t\u00e4t\u00e4 hyv\u00e4ksyneet. Joka tapauksessa Purnua voi luonnehtia esikoislestadiolaisuuden <strong>ensimm\u00e4iseksi lapin vanhimmaksi<\/strong>. My\u00f6s Purnun allekirjoitus l\u00f6ytyy Lannavaarassa 1895 pidetyn saarnaajakokouksen allekirjoittajina:<\/p>\n<p><em>Me lestadiolaisher\u00e4tyksen vanhimmat saarnaajat Jumalan viinim\u00e4ess\u00e4 tunnustamme t\u00e4ten veljille ja sisarille ja <strong>my\u00f6s meid\u00e4n tuleville sukupolville<\/strong>, ett\u00e4 me aina, Lestadiuksen ajasta asti <strong>olemme ilolla ja tyytyv\u00e4isell\u00e4 mielell\u00e4 seisoneet j\u00e4ljell\u00e4 Lutherilaisen kirkon helmassa, siell\u00e4 k\u00e4ytt\u00e4neet sakramentteja<\/strong> ja on meill\u00e4 aina ollut se vakaumus, ett\u00e4 lutherilainen oppi on t\u00e4ysin yht\u00e4pit\u00e4v\u00e4 Pyh\u00e4n Raamatun kanssa. Me olemme kiitollisia Jumalalle ja meid\u00e4n kristilliselle esivallalle siit\u00e4, ett\u00e4 meill\u00e4 on s\u00e4ilynyt puhdas oppi ja ulkonainen Jumalan palvelus. <strong>Toivomme saavamme aina pysy\u00e4 kirkon helmassa niin kauan kun saamme siin\u00e4 olla ja sanaa julistetaan ja<\/strong><\/em> <em><strong>sakramentteja jaetaan<\/strong>. Mutta emme silti tahdo tuomita, ettei el\u00e4vi\u00e4 kristityit\u00e4 voi l\u00f6yty\u00e4 my\u00f6s kirkon ulkopuolelta.\u201d<\/em><br \/>\nJohan Raattamaa, Isak Poromaa, Joonas Purnu, Nils Olsson Sunna, Henr. Olsson Partapuoli, Per Andersson Nutti, P.O. Fjelldal (Meripietari)<\/p>\n<p>Raattamaa antoi kirkolle tunnustuksen sakramenttien hoitajana ja luterilaisen opin s\u00e4ilytt\u00e4j\u00e4n\u00e4. Purnun esiintyminen julkilausuman allekirjoittajana osoittaa h\u00e4nen samaistuneen Raattamaan linjanvetoon suhteessa valtionkirkkoon.<\/p>\n<p>&nbsp;<\/p>\n<h3>Jellivaaran 2013 jouluseurojen &#8221;linjasaarna&#8221;<\/h3>\n<p>Kannanotto <a href=\"http:\/\/www.sakramentit.fi\/wordpress\/wp-content\/uploads\/2016\/02\/Jellivaara_2013_ViimeisenSaarnanAnalysointiaVersio6.pdf\" target=\"_blank\">Jellivaaran 2013 jouluseurojen viimeiseen saarnaan<\/a><\/p>\n<p>Kannanoton syy ja motivaatio kerrottu<a href=\"http:\/\/www.sakramentit.fi\/wordpress\/wp-content\/uploads\/2016\/02\/Jellivaara_2013_saarnaan_Johdanto_Versio3.pdf\" target=\"_blank\"> johdantotekstiss\u00e4<\/a><\/p>\n<p>S\u00e4hk\u00f6postin saateteksti 25.3.2014 <a href=\"http:\/\/www.sakramentit.fi\/wordpress\/wp-content\/uploads\/2016\/02\/SahkopostinSaateTeksti.pdf\" target=\"_blank\">Jellivaaran jouluseurojen 2013 viimeisen saarnan pit\u00e4j\u00e4lle <\/a><\/p>\n<p>Esikoislestadiolaisessa her\u00e4tysliikkeess\u00e4 on annettu arvoa hengellisille kokemuksille.\u00a0 Kokemusten perusteella tehd\u00e4\u00e4n paljon p\u00e4\u00e4telmi\u00e4. Kannanoton tekij\u00e4n <a href=\"http:\/\/www.sakramentit.fi\/wordpress\/wp-content\/uploads\/2016\/02\/Kannanoton_Tekijan_Omat_Kokemukset.pdf\" target=\"_blank\">omat kokemukset<\/a>, josta selvi\u00e4\u00e4, mink\u00e4laisista l\u00e4ht\u00f6kohdista ja kokemustaustasta kannanotto on syntynyt.<\/p>\n<p>&nbsp;<\/p>\n<p><a href=\"http:\/\/www.sakramentit.fi\/wordpress\/wp-content\/uploads\/2016\/03\/KirjeKiirunasta2008.pdf\" target=\"_blank\"> <strong>Kiirunan helluntaiseuroista 2008 l\u00e4hetettiin kirje Suomeen<\/strong><\/a>. T\u00e4h\u00e4n kirjeeseen <a href=\"http:\/\/www.sakramentit.fi\/wordpress\/wp-content\/uploads\/2016\/03\/TEHKAA_PARANNUS_2008-06-17.pdf\" target=\"_blank\">seurakuntalaiset tekiv\u00e4t vastineen ennen juhannusta 17.6.2008<\/a>. Kirjeeseen ei vastattu, mutta h\u00e4t\u00e4\u00e4mme vastattiin siten, ett\u00e4 meille j\u00e4rjestettiin keskustelumahdollisuus pienell\u00e4 ryhm\u00e4ll\u00e4 lapin vanhimpien kanssa. Seurakuntalaisia oli nelj\u00e4 + tulkki. Lapin vanhimpia oli nelj\u00e4 ja Suomen l\u00e4hetysmiehi\u00e4 piti olla nelj\u00e4. Tilaisuuden fokus kuitenkin muuttui, kun paikalla olikin kaikki Suomen l\u00e4hetysmiehet. Emme p\u00e4\u00e4sseet kirjeen aiheesta &#8211; &#8221;kuka on seurakunnan Herra?&#8221; &#8211; keskustelemaan k\u00e4yt\u00e4nn\u00f6ss\u00e4 lainkaan. Syyn\u00e4 oli se, ett\u00e4 osalla Suomen l\u00e4hetysmiehist\u00e4 oli voimakas tarve puhua her\u00e4tysliikkeest\u00e4 ja lapin vanhimmista. Kirjeeseen vastaamisesta muistutettiin <a href=\"http:\/\/www.sakramentit.fi\/wordpress\/wp-content\/uploads\/2016\/03\/KiirunanVastineenHoputus.pdf\" target=\"_blank\">lapin vanhimpia ennen jouluseuroja 2008.<\/a>\u00a0Viestin <a href=\"http:\/\/www.sakramentit.fi\/wordpress\/wp-content\/uploads\/2016\/03\/2008KiirunanKirjeen-allekirjoittajia-oli-parisenkymment\u00e4.pdf\" target=\"_blank\">allekirjoittajia <\/a>oli parisenkymment\u00e4.<\/p>\n<h3><\/h3>\n<p><strong>Raimo Haimilahti<\/strong> oli my\u00f6s <strong>2013 talviseuroissa<\/strong> l\u00e4hetettyn\u00e4 Lahteen. <a href=\"http:\/\/www.sakramentit.fi\/wordpress\/wp-content\/uploads\/2016\/03\/VastausRaimmoHamilahdelleLahdenTalviseurat2013.pdf\" target=\"_blank\">T\u00e4ss\u00e4 n\u00e4k\u00f6kulmaa Raimon pit\u00e4m\u00e4\u00e4n saarnaan<\/a>, t\u00e4h\u00e4nk\u00e4\u00e4n viestiin ei syntynyt mink\u00e4\u00e4nlaista reaktiota.<\/p>\n<p>&nbsp;<\/p>\n<p><strong>Lars Levi Laestadius<\/strong> <a href=\"http:\/\/www.sakramentit.fi\/wordpress\/wp-content\/uploads\/2015\/12\/Ote-Lars-Levi-Laestadiuksen-saarnasta-septuagesimasunnuntaina-Vuonna-1850.pdf\" target=\"_blank\"><span style=\"color: #bc360a;\">septuagesimasunnuntaina 1850, Viinitarha on Jumalan seurakunta<\/span><\/a><\/p>\n<h3>Lutherilta lyhyit\u00e4 <a href=\"http:\/\/www.sakramentit.fi\/wordpress\/wp-content\/uploads\/2016\/03\/LutherinTekstejaSakramentitSivustolle.pdf\" target=\"_blank\">otteita sakramenttiaihetta sivuten<\/a><\/h3>\n<p>&nbsp;<\/p>\n<p><strong>18.11.2012 sananpalvelijoille l\u00e4hetetty viesti<\/strong> liittyen syksyn aikana syntyneeseen erikoiseen &#8221;<a href=\"http:\/\/www.sakramentit.fi\/wordpress\/wp-content\/uploads\/2016\/04\/MusiikkiSananpalvelijoille_Saateteksti.pdf\" target=\"_blank\">kuoroteologiaan<\/a>&#8221;. Kuoroja ja musiikkia <a href=\"http:\/\/www.sakramentit.fi\/wordpress\/wp-content\/uploads\/2016\/04\/Musiikki_Raamatussa_viesti_Sananp.pdf\" target=\"_blank\">vastaan saarnattiin voimakkaasti<\/a>. Ilmeisesti ajatuksena oli tuolloin p\u00e4\u00e4st\u00e4 eroon tietyn suuntauksen omaavista persoonista\u00a0 her\u00e4tysliikkeen vaikutuspiiriss\u00e4?<br \/>\nViestin liitteet<br \/>\n1. <a href=\"http:\/\/www.sakramentit.fi\/wordpress\/wp-content\/uploads\/2016\/04\/Martti-Luther-kuorolaulusta.pdf\" target=\"_blank\">Martti Luther \u2013 kuorolauluista<\/a><br \/>\n2. <a href=\"http:\/\/www.sakramentit.fi\/wordpress\/wp-content\/uploads\/2016\/04\/Luther-Ajatuksia-Musiikista.pdf\" target=\"_blank\">Lutherin ajatuksia musiikista<\/a> \u2013 otteita eri teoksista<br \/>\n<em>&#8221;Olemme kuulleet, ett\u00e4 kristillisess\u00e4 kirkossa saarnaajien tulee julistaa ainoastaan Kristusta, jotta ihminen tiet\u00e4isi, mihin h\u00e4n voi luottaa ja mink\u00e4 varaan perustaa omantuntonsa. Sill\u00e4 t\u00e4m\u00e4 yksi on kivijalka, jonka varaan ihmisen omatunto on asetettu.&#8221;<\/em><br \/>\n3. Martti <a href=\"http:\/\/www.sakramentit.fi\/wordpress\/wp-content\/uploads\/2016\/04\/Lutherin-saarna-omasta-tunnosta.pdf\" target=\"_blank\">Lutherin saarna omastatunnost<\/a>a<br \/>\n4. <a href=\"http:\/\/www.sakramentit.fi\/wordpress\/wp-content\/uploads\/2016\/04\/Psalmit.pdf\" target=\"_blank\">Psalmikirjoista<\/a><br \/>\n5. ESS<a href=\"http:\/\/www.sakramentit.fi\/wordpress\/wp-content\/uploads\/2016\/04\/MusiikkiArtikkeli_ESS001.pdf\" target=\"_blank\"> lehtiartikkeli laulamisena vaikutuksista<\/a><br \/>\n6. <a href=\"http:\/\/www.sakramentit.fi\/wordpress\/wp-content\/uploads\/2016\/04\/Musiikkiaiheisia-Raamatunpaikkoja.pdf\" target=\"_blank\">Musiikkiaiheisia Raamatunpaikkoja<\/a><\/p>\n<p>&nbsp;<\/p>\n","protected":false},"excerpt":{"rendered":"<p>&#8221;Jokaisen on suostuttava esivaltansa alaisuuteen. Eih\u00e4n ole esivaltaa, joka ei olisi Jumalalta per\u00e4isin, h\u00e4nelt\u00e4 ovat vallank\u00e4ytt\u00e4j\u00e4t saaneet valtuutensa. Joka vastustaa esivaltaa, nousee siis Jumalan s\u00e4\u00e4d\u00f6st\u00e4 vastaan, ja ne, jotka n\u00e4in tekev\u00e4t, saavat rangaistuksensa.&#8221; (Room 13:1-2) Esikoislestadiolaisuudessa on ymm\u00e4rretty Joonas Purnun jatkaneen Juhani Raattamaan perint\u00f6\u00e4. Muut lestadiolaisryhmittym\u00e4t eiv\u00e4t suoraan ole t\u00e4t\u00e4 hyv\u00e4ksyneet. Joka tapauksessa Purnua voi &hellip; <a href=\"https:\/\/www.sakramentit.fi\/wordpress\/?page_id=416\" class=\"more-link\">Jatka lukemista <span class=\"screen-reader-text\">Historiaa<\/span> <span class=\"meta-nav\">&rarr;<\/span><\/a><\/p>\n","protected":false},"author":1,"featured_media":0,"parent":0,"menu_order":0,"comment_status":"closed","ping_status":"closed","template":"","meta":[],"_links":{"self":[{"href":"https:\/\/www.sakramentit.fi\/wordpress\/index.php?rest_route=\/wp\/v2\/pages\/416"}],"collection":[{"href":"https:\/\/www.sakramentit.fi\/wordpress\/index.php?rest_route=\/wp\/v2\/pages"}],"about":[{"href":"https:\/\/www.sakramentit.fi\/wordpress\/index.php?rest_route=\/wp\/v2\/types\/page"}],"author":[{"embeddable":true,"href":"https:\/\/www.sakramentit.fi\/wordpress\/index.php?rest_route=\/wp\/v2\/users\/1"}],"replies":[{"embeddable":true,"href":"https:\/\/www.sakramentit.fi\/wordpress\/index.php?rest_route=%2Fwp%2Fv2%2Fcomments&post=416"}],"version-history":[{"count":23,"href":"https:\/\/www.sakramentit.fi\/wordpress\/index.php?rest_route=\/wp\/v2\/pages\/416\/revisions"}],"predecessor-version":[{"id":690,"href":"https:\/\/www.sakramentit.fi\/wordpress\/index.php?rest_route=\/wp\/v2\/pages\/416\/revisions\/690"}],"wp:attachment":[{"href":"https:\/\/www.sakramentit.fi\/wordpress\/index.php?rest_route=%2Fwp%2Fv2%2Fmedia&parent=416"}],"curies":[{"name":"wp","href":"https:\/\/api.w.org\/{rel}","templated":true}]}}