{"id":86,"date":"2014-08-05T14:08:52","date_gmt":"2014-08-05T11:08:52","guid":{"rendered":"http:\/\/www.sakramentit.fi\/wordpress\/?page_id=86"},"modified":"2018-05-11T11:07:43","modified_gmt":"2018-05-11T08:07:43","slug":"mediat","status":"publish","type":"page","link":"https:\/\/www.sakramentit.fi\/wordpress\/?page_id=86","title":{"rendered":"Mediat"},"content":{"rendered":"<p><em>&#8221;Sinun s\u00e4\u00e4d\u00f6ksesi, Herra, ovat lujat ja varmat, pyh\u00e4n\u00e4 hohtaa sinun temppelisi ajasta aikaan<\/em>.&#8221; (Ps. 93:5)<\/p>\n<p>Uusi Tie 11.5.2018 <a href=\"http:\/\/www.sakramentit.fi\/wordpress\/wp-content\/uploads\/2018\/05\/Vapaus_AnnaLeenaSiltala_UusiTie_2018.jpg\" target=\"_blank\" rel=\"noopener\">Vapaus l\u00f6ytyi uudelleen, Anna-Leena Siltalan haastattelu<\/a><\/p>\n<p>ESS 9.9.2016, <a href=\"http:\/\/www.sakramentit.fi\/wordpress\/wp-content\/uploads\/2016\/09\/20160908_Kirkkoamme-hajottavin-p\u00e4\u00e4t\u00f6s.pdf\" target=\"_blank\" rel=\"noopener\">kirkkoamme hajottavimmasta p\u00e4\u00e4t\u00f6ksest\u00e4 <\/a>30 vuotta<\/p>\n<p>Yle uutiset H\u00e4me TV\u00a02.8.2016: <a href=\"http:\/\/areena.yle.fi\/1-3645330?autoplay=true\" target=\"_blank\" rel=\"noopener\">Esikoislestadiolaiset maallikot kastavat lapsia ja jakavat ehtoollista<\/a><\/p>\n<p>ESS 16.7.2016\u00a0\u00a0 <a href=\"http:\/\/www.sakramentit.fi\/wordpress\/wp-content\/uploads\/2016\/07\/ESS_20160716_Haastattelu.jpg\" target=\"_blank\" rel=\"noopener\">Her\u00e4tysliike hajoamassa oppiriitoihin\u00a0\u00a0\u00a0\u00a0 <\/a><a href=\"http:\/\/www.sakramentit.fi\/wordpress\/wp-content\/uploads\/2016\/07\/ESS_20160716_haastattelu_Kuva2.jpg\" target=\"_blank\" rel=\"noopener\">Kuva2\u00a0\u00a0\u00a0 <\/a>Lahtelaispariskunta pettyi esikoislestadiolaisuuteen &#8211; <a href=\"http:\/\/www.ess.fi\/uutiset\/kotimaa\/art2286409\" target=\"_blank\" rel=\"noopener\">&#8221;Tapparakadun kynnys tuli nyt korkeaksi<\/a><\/p>\n<p>ESS 15.7.2016 Esikoislestadiolainen liike repe\u00e4m\u00e4ss\u00e4 kahtia &#8211; <a href=\"http:\/\/www.ess.fi\/uutiset\/kotimaa\/art2286361\" target=\"_blank\" rel=\"noopener\">Lahdessa pohditaan lopullista pes\u00e4eroa<\/a><\/p>\n<p>Kyrkpressen 7.7.2016\u00a0 <a href=\"http:\/\/www.sakramentit.fi\/wordpress\/wp-content\/uploads\/2016\/07\/20160707_Kyrkpressen_TeemuTast-e1469248423767.jpg\" target=\"_blank\" rel=\"noopener\">Vi strider inte mot lagen <\/a>&#8211; Teemu Tast, Kotka<\/p>\n<p>ESS 25.6.2016:\u00a0 <a href=\"http:\/\/www.ess.fi\/uutiset\/kotimaa\/art2281608\" target=\"_blank\" rel=\"noopener\">Lahdessa esikoislestadiolaisten suurseurat &#8211; liike tekee edelleen eroa kansankirkkoon<\/a><\/p>\n<p>Kyrkans Tidning on antanut sakramentit.fi-sivustolle <a href=\"http:\/\/www.sakramentit.fi\/wordpress\/wp-content\/uploads\/2016\/06\/Kyrkans-tidning-19-05-16.jpg\" target=\"_blank\" rel=\"noopener\">luvan julkaista osan 19.5.2016 ilmestyneest\u00e4 artikkelista V\u00e4stlaestadianer i Finland oeniga om nattvard<\/a>. Samassa artikkelissa julkaistun osan ulkopuolella <strong>Seppo Karhu<\/strong> kertoo muun muassa, ett\u00e4 p\u00e4\u00e4t\u00f6s omista sakramenteista on tehty yhdess\u00e4 Lapinmaan vanhimpien, Suomen l\u00e4hetysmiesten ja saarnaajien kanssa. Maallikkosakramenteissa ei ole <strong>Karhun<\/strong> mukaan mit\u00e4\u00e4n lain tai Lutherin opin vastaista. <strong>Karhu<\/strong> toteaa, ett\u00e4 suomalaiset piispat ja kirkkoherrat ovat kehottaneet pysym\u00e4\u00e4n kirkon j\u00e4senin\u00e4 eik\u00e4 liike ole kehottanut ket\u00e4\u00e4n eroamaan kirkosta. Lapinmaan vanhimpiin kuuluva <strong>H\u00e5kan Gustafsson<\/strong> kertoo jutussa, ett\u00e4 liike on ollut pakotettu ottamaan sakramentit omien saarnaajien hoidettavaksi, koska ei voi yhdisty\u00e4 katolisen kirkon uskon kanssa, jota pohjoismaiset kirkot ovat l\u00e4hestyneet.<\/p>\n<p>Tamperelainen seurakuntalehti <a href=\"http:\/\/www.siltalehti.fi\/sivustot\/silta\/juttusilta\/miksi_maallikko_jakaa_ehtoollisen.30819.blog\" target=\"_blank\" rel=\"noopener\">Silta haastattelee <strong>Seppo Parviaista<\/strong> ja her\u00e4tysliikkeen j\u00e4sent\u00e4<\/a>. Tampere toimittaa maallikkoehtoollisen rukoushuoneella sunnuntaina 5.6.2016<\/p>\n<p>Perustassa 3\/2016 (ilmestyi 16.5.2016) lyhyt <a href=\"http:\/\/www.sakramentit.fi\/wordpress\/wp-content\/uploads\/2016\/05\/Perusta20160516_Esikoislestadiolainen_sakramenttisoppa_IhalainenTapani.pdf\" target=\"_blank\" rel=\"noopener\">artikkeli esikoislestadiolaisesta &#8221;sakramenttisopasta&#8221;\u00a0 <\/a>Samassa lehdess\u00e4 my\u00f6s <a href=\"http:\/\/www.sakramentit.fi\/wordpress\/wp-content\/uploads\/2016\/05\/Perusta3_2016_Talonen_Jouko.pdf\" target=\"_blank\" rel=\"noopener\"><strong>Jouko Talosen<\/strong> artikkeli Lestadiolaisuus muuttuvan ajan paineissa <\/a><\/p>\n<p>Kotimaa24 maksullinen\u00a0verkkosivusto uutisoi\u00a0yhdistyksen kokouksesta\u00a030.4.2016 Helsingiss\u00e4.\u00a0T\u00e4m\u00e4 sivusto on saanut\u00a0Kotimaalta <a href=\"https:\/\/www.kotimaa24.fi\/artikkeli\/esikoislestadiolainen-heratysliike-pelkaa-jakautumista\/?katselukoodi=5b9274c899c614c81686a1ad688242d01f5af1428becca4b6f8dfd66313c0c68\" target=\"_blank\" rel=\"noopener\">uutiseen maksuttoman linkin<\/a>.<\/p>\n<p>Helsingiss\u00e4 ilmestyv\u00e4 Kirkko ja kaupunki uutisoi 11.2.2016<a href=\"http:\/\/www.sakramentit.fi\/wordpress\/wp-content\/uploads\/2016\/02\/20160211_KirkkoJaKaupunki_EsikoislestadiolaisetKastaa.jpg\" target=\"_blank\" rel=\"noopener\"> esikoislestadiolaisten kasteista<\/a><\/p>\n<p>Radiodein ajankohtaisohjelmassa 4.2.2016<a href=\"http:\/\/www.sakramentit.fi\/wordpress\/wp-content\/uploads\/2016\/02\/20160204_SeppoKarhunHaastattelu_Radiodei.mp3\" target=\"_blank\" rel=\"noopener\">\u00a0<strong>Seppo Karhun<\/strong> haastattelu<\/a>\u00a0Sama my\u00f6s <a href=\"http:\/\/www.sakramentit.fi\/wordpress\/wp-content\/uploads\/2016\/02\/20160204_RadioDein-ajankohtaistunti-ohjelmassa-Seppo-Karhun-haastattelu.pdf\" target=\"_blank\" rel=\"noopener\">tekstitiedostona<\/a>. \u00c4\u00e4nitiedotteessa my\u00f6s Mikkelin tuomiokirkkoseurakunnan tuomiorovasti <strong>Juha Palmin<\/strong> haastattelu<\/p>\n<p>Uusi Tie 2.2.2016 <a href=\"http:\/\/uusitie.com\/kiista-sakramenteista-jakaa-esikoislestadiolaisia\/\" target=\"_blank\" rel=\"noopener\">Kiista sakramenteista jakaa esikoislestadiolaisia<\/a> Haastateltu <strong>Pekka Rytil\u00e4<\/strong> ei l\u00e4mpene tunnustuskirjoille: &#8221;<em>Ne olivat aikansa lapsia<\/em>&#8221;<\/p>\n<p>Karjalainen 24.1.2016 Piispa <strong>Jari Jolkkosen<\/strong> kolumni: <a href=\"http:\/\/www.sakramentit.fi\/wordpress\/wp-content\/uploads\/2016\/02\/Karjalainen_PiispaJolkkosenKolumni20160131.jpg\" target=\"_blank\" rel=\"noopener\">Esikoislestadiolaisten sis\u00e4inen kriisi on ratkaistavissa<\/a><\/p>\n<p>H\u00e4meen Sanomat 31.1.2016 <a href=\"http:\/\/www.sakramentit.fi\/wordpress\/wp-content\/uploads\/2016\/02\/H\u00e4meenSanomat20160131_ehtoolliskiista.jpg\" target=\"_blank\" rel=\"noopener\">Kirkko ja her\u00e4tysliike ehtoolliskiistassa<\/a><\/p>\n<p>Korjaus <a href=\"http:\/\/www.sakramentit.fi\/wordpress\/wp-content\/uploads\/2016\/02\/PiispaMattiRepoEsikoislestadiolaiset_ArtikkelistaOikaisu.jpg\" target=\"_blank\" rel=\"noopener\">H\u00e4meen Sanomien artikkeliin 31.1.2016<\/a><\/p>\n<p>Keski-Uusimaa 21.1.2016 <a href=\"http:\/\/www.sakramentit.fi\/wordpress\/wp-content\/uploads\/2016\/01\/Keski-Uusimaa_20160121.jpg\" target=\"_blank\" rel=\"noopener\">Piispa toivoo her\u00e4tysliikkeen per\u00e4\u00e4ntymist\u00e4<\/a><\/p>\n<p>ESS 21.1.2016 etusivulla <a href=\"http:\/\/www.sakramentit.fi\/wordpress\/wp-content\/uploads\/2016\/01\/ESS_20160121_KiistaRepiiLiikettaLahdessa_Etusivu.jpg\" target=\"_blank\" rel=\"noopener\">Kiista repii liikett\u00e4 Lahdessa<\/a>\u00a0 ja sis\u00e4sivulla artikkeli\u00a0 <a href=\"http:\/\/www.sakramentit.fi\/wordpress\/wp-content\/uploads\/2016\/01\/ESS_20160121_HeratysliikeKriisissaLahdessa.jpg\" target=\"_blank\" rel=\"noopener\">Her\u00e4tysliike kriisiss\u00e4 Lahdessa<\/a><\/p>\n<p><a href=\"http:\/\/www.sakramentit.fi\/wordpress\/wp-content\/uploads\/2016\/01\/EtelaSaimaa20160118_Pienennetty.jpg\" target=\"_blank\" rel=\"noopener\">Ehtoollisesta alkoi iso kiista<\/a>, Etel\u00e4-Saimaa 18.1.2016<\/p>\n<p>Mikkelin hiippakunnan piispaa <a href=\"https:\/\/www.kotimaa24.fi\/artikkeli\/hakkinen-ei-yhteistyota-sakramenttiseparatistien-kanssa\/\" target=\"_blank\" rel=\"noopener\"><strong>Seppo H\u00e4kkist\u00e4<\/strong> on haastateltu Kotimaa24:ssa<\/a>.<\/p>\n<p>My\u00f6s arkkipiispaa <a href=\"https:\/\/www.kotimaa24.fi\/artikkeli\/arkkipiispa-sakramenttiseparatismi-on-vakava-rikkomus\/\" target=\"_blank\" rel=\"noopener\">haastateltiin Kotimaa24:ssa<\/a>. Artikkeli synnytti laajan kommentoinnin ja kysymyksi\u00e4. <a href=\"http:\/\/www.sakramentit.fi\/wordpress\/wp-content\/uploads\/2016\/01\/20160113_KommentitKotimaa24_ArkkipiispaJaEsikoilestadiolaistenEhtoollinenLyhennelma.pdf\" target=\"_blank\" rel=\"noopener\">Kommentointi kertoo, miksi kirkko on tiukka sakramenttikannassaan<\/a>, vaikka toisaalta on &#8221;l\u00f6ys\u00e4&#8221; virkakysymyksess\u00e4 ja joidenkin mielest\u00e4 homokysymyksess\u00e4.<\/p>\n<p>N\u00e4m\u00e4\u00a0<strong><a href=\"https:\/\/www.kotimaa24.fi\" target=\"_blank\" rel=\"noopener\">Kotimaa24.fi:n<\/a><\/strong> tarjoamat verkkoartikkelit julkaistaan <strong>Kotimaa24.fi<\/strong> sivuston luvalla<\/p>\n<p>Esikoislestadiolaiset <a href=\"https:\/\/www.kotimaa24.fi\/artikkeli\/esikoislestadiolaiset-ottivat-ehtoollisen-omaan-kayttoon\/?katselukoodi=734c70f7dc69d9dc57e911edab43cf0a11627a64cc85acd5f12252ce9ca8f77c\" target=\"_blank\" rel=\"noopener\">ottivat ehtoollisen omaan k\u00e4ytt\u00f6\u00f6n<\/a><\/p>\n<p>Martti Lutherin ehtoollisteologiasta v\u00e4itellyt Kuopion piispa <strong>Jari Jolkkonen<\/strong> linjaa, ett\u00e4 <a href=\"https:\/\/www.kotimaa24.fi\/artikkeli\/piispa-esikoislestadiolaisten-ehtoollinen-on-laiton\/?katselukoodi=925f9f24531482292bfd2086abb92e94fc0f6dccc12ddce03d7d96a68f2e0667\" target=\"_blank\" rel=\"noopener\">esikoislestadiolaisten omat ehtoolliset ovat yksiselitteisesti luterilaisen tunnustuksen ja kirkon j\u00e4rjestyksen vastaisia.<\/a><\/p>\n<p>Mikkelin tuomiorovasti <strong>Juha Palm<\/strong> <a href=\"https:\/\/www.kotimaa24.fi\/artikkeli\/tuomiorovasti-esikoislestadiolaisten-toimista-olen-murheellinen\/?katselukoodi=46ca797cf553d3514618dd56166d416b0f695f4bdc819cea5ab12b46bd8bc7d8\" target=\"_blank\" rel=\"noopener\">esikoislestadiolaisten toimista: Olen murheellinen<\/a><\/p>\n<p>Teologian tohtori her\u00e4tysliiketutkija <strong>Teemu Kakkuri<\/strong>: <a href=\"https:\/\/www.kotimaa24.fi\/artikkeli\/heratysliiketutkija-esikoislestadiolaisten-irtiotto-on-kirkkohistoriallinen\/?katselukoodi=970d410e6c202065b970670a5dd026a9b9bb42309463de612ff099bedaf6f932\" target=\"_blank\" rel=\"noopener\">Esikoislestadiolaisten irtiotto on kirkkohistoriallinen<\/a><\/p>\n<p>Systemaattisen teologian professori <strong>Veli-Matti K\u00e4rkk\u00e4inen<\/strong>: <a href=\"https:\/\/www.kotimaa24.fi\/artikkeli\/professori-esikoislestadiolaisten-ehtoollinen-on-ongelmallinen-mutta-ehka-oikea\/?katselukoodi=ab56915144f8569ac5c56e31c4cf59932e96a2bea2ae4c5739feaab481b4f690\" target=\"_blank\" rel=\"noopener\">Esikoislestadiolaisten ehtoollinen on ongelmallinen<\/a><\/p>\n<p><a href=\"https:\/\/www.kotimaa24.fi\/hetki-esikoislestadiolaisten-iltakirkossa\/\" target=\"_blank\" rel=\"noopener\">Kotimaa24.fi 23.11.2015<\/a> Pohjois-Karjalasta <a href=\"http:\/\/www.sakramentit.fi\/wordpress\/wp-content\/uploads\/2015\/11\/Kotimaa24_VilleHassinen_Blogi.pdf\" target=\"_blank\" rel=\"noopener\">pastori <strong>Ville Hassinen<\/strong> kertoo kokemuksia esikoislestadiolaisesta iltakirkosta Enossa<\/a><\/p>\n<p>Kotimaa24.fi 5.11.2014 julkaisee <a href=\"http:\/\/www.kotimaa24.fi\/artikkeli\/vakava-toive-kotimaa24-julkaisee-piispojen-viestin-esikoislestadiolaisille\/\" target=\"_blank\" rel=\"noopener\">piispojen toiveen<\/a> esikoislestadiolaisille<\/p>\n<p>Kotimaa <a title=\"Kotimaa lyhyet palstalla\" href=\"http:\/\/www.sakramentit.fi\/wordpress\/wp-content\/uploads\/2014\/11\/KotimaaLyhyet20141030.pdf\" target=\"_blank\" rel=\"noopener\">lehti 30.10.2014\u00a0kirjoittaa &#8221;Lyhyet&#8221; palstalla <\/a>sakramentit esikoislestadiolaisille<\/p>\n<p>Kotimaa24.fi kirjoittaa 24.10.2014 <a title=\"sakramenttik\u00e4sitys muutoksessa\" href=\"http:\/\/www.kotimaa24.fi\/artikkeli\/piispa-repo-omat-sakramentit-viesti-sakramenttikasityksen-selvasta-muutoksesta\/\" target=\"_blank\" rel=\"noopener\">sakramenttik\u00e4sityksen muutoksesta her\u00e4tysliikkeess\u00e4<\/a><\/p>\n<p>Kotimaa24.fi kirjoittaa 24.10.2014 <a title=\"Sakramentit omaan k\u00e4ytt\u00f6\u00f6n tulevaisuudessa\" href=\"http:\/\/www.kotimaa24.fi\/artikkeli\/esikoislestadiolaiset-ottamassa-kayttoon-omat-sakramentit-vetoomuksista-huolimatta\/\" target=\"_blank\" rel=\"noopener\">sakramentit omaan k\u00e4ytt\u00f6\u00f6n tulevaisuudessa<\/a><\/p>\n<p>Kotimaa24.fi kirjoittaa 23.10.2014 <a title=\"Kotimaa24 Lahden kirkkoherrojen huolestumisesta\" href=\"http:\/\/www.kotimaa24.fi\/artikkeli\/lahden-kirkkoherrat-huolestuneita-esikoislestadiolaisten-sakramenttiseparatismista\/\" target=\"_blank\" rel=\"noopener\">Lahden kirkkoherrojen huolestumisesta<\/a><\/p>\n<p>Kotimaa24.fi kirjoittaa 22.10.2014 <a title=\"Kotimaa24 uutinen koskien sakramenttiasiaa\" href=\"http:\/\/www.kotimaa24.fi\/artikkeli\/esikoislestadiolaiset-vastustavat-liikkeen-omia-sakramentteja-adressilla\/\" target=\"_blank\" rel=\"noopener\">sakramenttiaiheesta <\/a>ja nimilista-adressista<\/p>\n<p>Seurakuntalainen.fi nettisivuston<a title=\"seurakuntalainen.fi sivuston uutinen aiheesta\" href=\"http:\/\/www.seurakuntalainen.fi\/uutiset\/kotimaa\/4922\/esikoislestadiolaiset_harkitsevat_sakramenttien_ottamista_oman_liikkeen_kasiin\" target=\"_blank\" rel=\"noopener\"> uutinen 24.9.2014 sakramenttien hoitamisesta <\/a>her\u00e4tysliikkeemme sis\u00e4ll\u00e4.<\/p>\n<p>Etel\u00e4 Suomen Sanomien artikkeli <a title=\"ESS:n artikkeli esikoislestadiolaisten sakramenttiasiasta\" href=\"http:\/\/www.sakramentit.fi\/wordpress\/wp-content\/uploads\/2014\/09\/ESS_Artikkeli_Sakramenteista_20140906.jpg\" target=\"_blank\" rel=\"noopener\">esikoislestadiolaisten sakramenttiasioista<\/a> lauantaina 6.9.2014 kuvatiedostona.<\/p>\n<p>Kirkollinen lehti Kotimaa uutisoi sakramenttiseparatismi\u00e4 31.7.2014. Asiaan viitattiin lehden etusivulta.\u00a0Artikkeli on\u00a0skannattuna allaolevassa linkiss\u00e4:\u00a0 <a href=\"http:\/\/www.sakramentit.fi\/wordpress\/wp-content\/uploads\/2014\/08\/EsikoislestadiolainenKannanottoSakramentteihinKotimaassa20140731.pdf\">EsikoislestadiolainenKannanottoSakramentteihinKotimaassa20140731<\/a><\/p>\n<p>Kotimaa24.fi nettipalstalla on aiheesta lyhennelm\u00e4: <a href=\"http:\/\/www.kotimaa24.fi\/artikkeli\/esikoislestadiolaiset-valmistelevat-sakramenttiseparatismia\/\">http:\/\/www.kotimaa24.fi\/artikkeli\/esikoislestadiolaiset-valmistelevat-sakramenttiseparatismia\/<\/a><\/p>\n","protected":false},"excerpt":{"rendered":"<p>&#8221;Sinun s\u00e4\u00e4d\u00f6ksesi, Herra, ovat lujat ja varmat, pyh\u00e4n\u00e4 hohtaa sinun temppelisi ajasta aikaan.&#8221; (Ps. 93:5) Uusi Tie 11.5.2018 Vapaus l\u00f6ytyi uudelleen, Anna-Leena Siltalan haastattelu ESS 9.9.2016, kirkkoamme hajottavimmasta p\u00e4\u00e4t\u00f6ksest\u00e4 30 vuotta Yle uutiset H\u00e4me TV\u00a02.8.2016: Esikoislestadiolaiset maallikot kastavat lapsia ja jakavat ehtoollista ESS 16.7.2016\u00a0\u00a0 Her\u00e4tysliike hajoamassa oppiriitoihin\u00a0\u00a0\u00a0\u00a0 Kuva2\u00a0\u00a0\u00a0 Lahtelaispariskunta pettyi esikoislestadiolaisuuteen &#8211; &#8221;Tapparakadun kynnys tuli &hellip; <a href=\"https:\/\/www.sakramentit.fi\/wordpress\/?page_id=86\" class=\"more-link\">Jatka lukemista <span class=\"screen-reader-text\">Mediat<\/span> <span class=\"meta-nav\">&rarr;<\/span><\/a><\/p>\n","protected":false},"author":1,"featured_media":0,"parent":0,"menu_order":0,"comment_status":"closed","ping_status":"closed","template":"","meta":[],"_links":{"self":[{"href":"https:\/\/www.sakramentit.fi\/wordpress\/index.php?rest_route=\/wp\/v2\/pages\/86"}],"collection":[{"href":"https:\/\/www.sakramentit.fi\/wordpress\/index.php?rest_route=\/wp\/v2\/pages"}],"about":[{"href":"https:\/\/www.sakramentit.fi\/wordpress\/index.php?rest_route=\/wp\/v2\/types\/page"}],"author":[{"embeddable":true,"href":"https:\/\/www.sakramentit.fi\/wordpress\/index.php?rest_route=\/wp\/v2\/users\/1"}],"replies":[{"embeddable":true,"href":"https:\/\/www.sakramentit.fi\/wordpress\/index.php?rest_route=%2Fwp%2Fv2%2Fcomments&post=86"}],"version-history":[{"count":48,"href":"https:\/\/www.sakramentit.fi\/wordpress\/index.php?rest_route=\/wp\/v2\/pages\/86\/revisions"}],"predecessor-version":[{"id":932,"href":"https:\/\/www.sakramentit.fi\/wordpress\/index.php?rest_route=\/wp\/v2\/pages\/86\/revisions\/932"}],"wp:attachment":[{"href":"https:\/\/www.sakramentit.fi\/wordpress\/index.php?rest_route=%2Fwp%2Fv2%2Fmedia&parent=86"}],"curies":[{"name":"wp","href":"https:\/\/api.w.org\/{rel}","templated":true}]}}